{"id":1751,"date":"2022-10-04T18:02:47","date_gmt":"2022-10-04T18:02:47","guid":{"rendered":"https:\/\/ischoolvirtual.com\/?page_id=1751"},"modified":"2025-07-29T10:11:08","modified_gmt":"2025-07-29T15:11:08","slug":"gracias","status":"publish","type":"page","link":"https:\/\/ischoolvirtual.com\/es\/thank-you\/","title":{"rendered":"Gracias"},"content":{"rendered":"<div id=\"fws_69e032676c3df\"  data-column-margin=\"default\" data-midnight=\"dark\"  class=\"wpb_row vc_row-fluid vc_row\"  style=\"padding-top: 0px; padding-bottom: 0px; \"><div class=\"row-bg-wrap\" data-bg-animation=\"none\" data-bg-animation-delay=\"\" data-bg-overlay=\"false\"><div class=\"inner-wrap row-bg-layer\" ><div class=\"row-bg viewport-desktop\"  style=\"\"><\/div><\/div><\/div><div class=\"row_col_wrap_12 col span_12 dark left\">\n\t<div  class=\"vc_col-sm-12 wpb_column column_container vc_column_container col centered-text padding-10-percent inherit_tablet inherit_phone\"  data-padding-pos=\"top-bottom\" data-has-bg-color=\"false\" data-bg-color=\"\" data-bg-opacity=\"1\" data-animation=\"\" data-delay=\"0\" >\n\t\t<div class=\"vc_column-inner\" >\n\t\t\t<div class=\"wpb_wrapper\">\n\t\t\t\t<div class=\"img-with-aniamtion-wrap center custom-size\" data-max-width=\"100%\" data-max-width-mobile=\"default\" data-shadow=\"none\" data-animation=\"fade-in\"  style=\"margin-bottom: 5%; \">\n      <div class=\"inner\">\n        <div class=\"hover-wrap\"> \n          <div class=\"hover-wrap-inner\">\n            <img loading=\"lazy\" decoding=\"async\" class=\"img-with-animation skip-lazy\" data-delay=\"0\" height=\"238\" width=\"768\" data-animation=\"fade-in\" src=\"https:\/\/ischoolvirtual.com\/wp-content\/uploads\/2020\/07\/iSchool-Virtual-Academy-Color-768x238.png\" alt=\"Logotipo de iSchool Virtual Academy of Texas\" srcset=\"https:\/\/ischoolvirtual.com\/wp-content\/uploads\/2020\/07\/iSchool-Virtual-Academy-Color-768x238.png 768w, https:\/\/ischoolvirtual.com\/wp-content\/uploads\/2020\/07\/iSchool-Virtual-Academy-Color-300x93.png 300w, https:\/\/ischoolvirtual.com\/wp-content\/uploads\/2020\/07\/iSchool-Virtual-Academy-Color-1024x318.png 1024w, https:\/\/ischoolvirtual.com\/wp-content\/uploads\/2020\/07\/iSchool-Virtual-Academy-Color-1536x477.png 1536w, https:\/\/ischoolvirtual.com\/wp-content\/uploads\/2020\/07\/iSchool-Virtual-Academy-Color-2048x636.png 2048w, https:\/\/ischoolvirtual.com\/wp-content\/uploads\/2020\/07\/iSchool-Virtual-Academy-Color-e1695849059667.png 354w\" sizes=\"auto, (max-width: 768px) 100vw, 768px\" \/>\n          <\/div>\n        <\/div>\n        \n      <\/div>\n    <\/div><h3 style=\"text-align: center\" class=\"vc_custom_heading vc_do_custom_heading\" >\u00a1Gracias por tu inter\u00e9s en iSchool Virtual Academy!<\/h3>\n\t<div class=\"wpb_raw_code wpb_raw_html wpb_content_element\" >\n\t\t<div class=\"wpb_wrapper\">\n\t\t\t<div><p>Seg\u00fan la informaci\u00f3n que nos has proporcionado, tu hijo cumple los requisitos para presentar la solicitud.<\/p><\/div>\n\t\t<meta http-equiv=\"refresh\" content=\"3; url=https:\/\/sis.ischoolvirtual.com\/PublicApplication.aspx\">\r\n\t\tPor favor, espera mientras se te redirige... o <a href=\"https:\/\/sis.ischoolvirtual.com\/PublicApplication.aspx\">Haz clic aqu\u00ed<\/a> si no quieres esperar.\r\n\n\t\t<\/div>\n\t<\/div>\n\n\t\t\t<\/div> \n\t\t<\/div>\n\t<\/div> \n<\/div><\/div>","protected":false},"excerpt":{"rendered":"Thank you for your interest in iSchool Virtual Academy! Based off the information you shared, your child is eligible to apply. Please wait while you are redirected...or Click Here if...","protected":false},"author":8,"featured_media":0,"parent":0,"menu_order":0,"comment_status":"closed","ping_status":"closed","template":"template-no-header-footer.php","meta":{"content-type":"","footnotes":""},"class_list":["post-1751","page","type-page","status-publish"],"yoast_head":"<!-- This site is optimized with the Yoast SEO plugin v27.2 - https:\/\/yoast.com\/product\/yoast-seo-wordpress\/ -->\n<title>Thank You | iSchool Virtual Academy<\/title>\n<meta name=\"description\" content=\"Thank you for contacting iSchool Virtual Academy. Our team will reach out soon with next steps and enrollment information.\" \/>\n<meta name=\"robots\" content=\"index, follow, max-snippet:-1, max-image-preview:large, max-video-preview:-1\" \/>\n<link rel=\"canonical\" href=\"https:\/\/ischoolvirtual.com\/es\/gracias\/\" \/>\n<meta property=\"og:locale\" content=\"es_MX\" \/>\n<meta property=\"og:type\" content=\"article\" \/>\n<meta property=\"og:title\" content=\"Thank You | iSchool Virtual Academy\" \/>\n<meta property=\"og:description\" content=\"Thank you for contacting iSchool Virtual Academy. Our team will reach out soon with next steps and enrollment information.\" \/>\n<meta property=\"og:url\" content=\"https:\/\/ischoolvirtual.com\/es\/gracias\/\" \/>\n<meta property=\"og:site_name\" content=\"iSchool Virtual Academy\" \/>\n<meta property=\"article:modified_time\" content=\"2025-07-29T15:11:08+00:00\" \/>\n<meta property=\"og:image\" content=\"https:\/\/ischoolvirtual.com\/wp-content\/uploads\/2020\/08\/mission-and-philosophy-bg.webp\" \/>\n\t<meta property=\"og:image:width\" content=\"2000\" \/>\n\t<meta property=\"og:image:height\" content=\"1174\" \/>\n\t<meta property=\"og:image:type\" content=\"image\/webp\" \/>\n<meta name=\"twitter:card\" content=\"summary_large_image\" \/>\n<script type=\"application\/ld+json\" class=\"yoast-schema-graph\">{\"@context\":\"https:\/\/schema.org\",\"@graph\":[{\"@type\":\"WebPage\",\"@id\":\"https:\/\/ischoolvirtual.com\/thank-you\/\",\"url\":\"https:\/\/ischoolvirtual.com\/thank-you\/\",\"name\":\"Thank You | iSchool Virtual Academy\",\"isPartOf\":{\"@id\":\"https:\/\/ischoolvirtual.com\/es\/#website\"},\"datePublished\":\"2022-10-04T18:02:47+00:00\",\"dateModified\":\"2025-07-29T15:11:08+00:00\",\"description\":\"Thank you for contacting iSchool Virtual Academy. Our team will reach out soon with next steps and enrollment information.\",\"breadcrumb\":{\"@id\":\"https:\/\/ischoolvirtual.com\/thank-you\/#breadcrumb\"},\"inLanguage\":\"es\",\"potentialAction\":[{\"@type\":\"ReadAction\",\"target\":[\"https:\/\/ischoolvirtual.com\/thank-you\/\"]}]},{\"@type\":\"BreadcrumbList\",\"@id\":\"https:\/\/ischoolvirtual.com\/thank-you\/#breadcrumb\",\"itemListElement\":[{\"@type\":\"ListItem\",\"position\":1,\"name\":\"Home\",\"item\":\"https:\/\/ischoolvirtual.com\/\"},{\"@type\":\"ListItem\",\"position\":2,\"name\":\"Thank you\"}]},{\"@type\":\"WebSite\",\"@id\":\"https:\/\/ischoolvirtual.com\/es\/#website\",\"url\":\"https:\/\/ischoolvirtual.com\/es\/\",\"name\":\"iSchool Virtual Academy\",\"description\":\"iSchool Virtual Academy - Tuition-Free Texas Online Charter School\",\"publisher\":{\"@id\":\"https:\/\/ischoolvirtual.com\/es\/#organization\"},\"alternateName\":\"iSVA\",\"potentialAction\":[{\"@type\":\"SearchAction\",\"target\":{\"@type\":\"EntryPoint\",\"urlTemplate\":\"https:\/\/ischoolvirtual.com\/es\/?s={search_term_string}\"},\"query-input\":{\"@type\":\"PropertyValueSpecification\",\"valueRequired\":true,\"valueName\":\"search_term_string\"}}],\"inLanguage\":\"es\"},{\"@type\":\"Organization\",\"@id\":\"https:\/\/ischoolvirtual.com\/es\/#organization\",\"name\":\"iSchool Virtual Academy\",\"alternateName\":\"iSVA\",\"url\":\"https:\/\/ischoolvirtual.com\/es\/\",\"logo\":{\"@type\":\"ImageObject\",\"inLanguage\":\"es\",\"@id\":\"https:\/\/ischoolvirtual.com\/es\/#\/schema\/logo\/image\/\",\"url\":\"https:\/\/ischoolvirtual.com\/wp-content\/uploads\/2021\/05\/cropped-isva-favicon.png\",\"contentUrl\":\"https:\/\/ischoolvirtual.com\/wp-content\/uploads\/2021\/05\/cropped-isva-favicon.png\",\"width\":512,\"height\":512,\"caption\":\"iSchool Virtual Academy\"},\"image\":{\"@id\":\"https:\/\/ischoolvirtual.com\/es\/#\/schema\/logo\/image\/\"}}]}<\/script>\n<!-- \/ Yoast SEO plugin. -->","yoast_head_json":{"title":"Gracias | iSchool Virtual Academy","description":"Gracias por ponerte en contacto con iSchool Virtual Academy. Nuestro equipo se comunicar\u00e1 contigo en breve para informarte sobre los siguientes pasos y la informaci\u00f3n de inscripci\u00f3n.","robots":{"index":"index","follow":"follow","max-snippet":"max-snippet:-1","max-image-preview":"max-image-preview:large","max-video-preview":"max-video-preview:-1"},"canonical":"https:\/\/ischoolvirtual.com\/es\/gracias\/","og_locale":"es_MX","og_type":"article","og_title":"Thank You | iSchool Virtual Academy","og_description":"Thank you for contacting iSchool Virtual Academy. Our team will reach out soon with next steps and enrollment information.","og_url":"https:\/\/ischoolvirtual.com\/es\/gracias\/","og_site_name":"iSchool Virtual Academy","article_modified_time":"2025-07-29T15:11:08+00:00","og_image":[{"width":2000,"height":1174,"url":"https:\/\/ischoolvirtual.com\/wp-content\/uploads\/2020\/08\/mission-and-philosophy-bg.webp","type":"image\/webp"}],"twitter_card":"summary_large_image","schema":{"@context":"https:\/\/schema.org","@graph":[{"@type":"WebPage","@id":"https:\/\/ischoolvirtual.com\/thank-you\/","url":"https:\/\/ischoolvirtual.com\/thank-you\/","name":"Gracias | iSchool Virtual Academy","isPartOf":{"@id":"https:\/\/ischoolvirtual.com\/es\/#website"},"datePublished":"2022-10-04T18:02:47+00:00","dateModified":"2025-07-29T15:11:08+00:00","description":"Gracias por ponerte en contacto con iSchool Virtual Academy. Nuestro equipo se comunicar\u00e1 contigo en breve para informarte sobre los siguientes pasos y la informaci\u00f3n de inscripci\u00f3n.","breadcrumb":{"@id":"https:\/\/ischoolvirtual.com\/thank-you\/#breadcrumb"},"inLanguage":"es","potentialAction":[{"@type":"ReadAction","target":["https:\/\/ischoolvirtual.com\/thank-you\/"]}]},{"@type":"BreadcrumbList","@id":"https:\/\/ischoolvirtual.com\/thank-you\/#breadcrumb","itemListElement":[{"@type":"ListItem","position":1,"name":"Home","item":"https:\/\/ischoolvirtual.com\/"},{"@type":"ListItem","position":2,"name":"Thank you"}]},{"@type":"WebSite","@id":"https:\/\/ischoolvirtual.com\/es\/#website","url":"https:\/\/ischoolvirtual.com\/es\/","name":"Academia Virtual iSchool","description":"iSchool Virtual Academy: escuela aut\u00f3noma en l\u00ednea sin cuota de matr\u00edcula en Texas","publisher":{"@id":"https:\/\/ischoolvirtual.com\/es\/#organization"},"alternateName":"iSVA","potentialAction":[{"@type":"SearchAction","target":{"@type":"EntryPoint","urlTemplate":"https:\/\/ischoolvirtual.com\/es\/?s={search_term_string}"},"query-input":{"@type":"PropertyValueSpecification","valueRequired":true,"valueName":"search_term_string"}}],"inLanguage":"es"},{"@type":"Organization","@id":"https:\/\/ischoolvirtual.com\/es\/#organization","name":"Academia Virtual iSchool","alternateName":"iSVA","url":"https:\/\/ischoolvirtual.com\/es\/","logo":{"@type":"ImageObject","inLanguage":"es","@id":"https:\/\/ischoolvirtual.com\/es\/#\/schema\/logo\/image\/","url":"https:\/\/ischoolvirtual.com\/wp-content\/uploads\/2021\/05\/cropped-isva-favicon.png","contentUrl":"https:\/\/ischoolvirtual.com\/wp-content\/uploads\/2021\/05\/cropped-isva-favicon.png","width":512,"height":512,"caption":"iSchool Virtual Academy"},"image":{"@id":"https:\/\/ischoolvirtual.com\/es\/#\/schema\/logo\/image\/"}}]}},"_links":{"self":[{"href":"https:\/\/ischoolvirtual.com\/es\/wp-json\/wp\/v2\/pages\/1751","targetHints":{"allow":["GET"]}}],"collection":[{"href":"https:\/\/ischoolvirtual.com\/es\/wp-json\/wp\/v2\/pages"}],"about":[{"href":"https:\/\/ischoolvirtual.com\/es\/wp-json\/wp\/v2\/types\/page"}],"author":[{"embeddable":true,"href":"https:\/\/ischoolvirtual.com\/es\/wp-json\/wp\/v2\/users\/8"}],"replies":[{"embeddable":true,"href":"https:\/\/ischoolvirtual.com\/es\/wp-json\/wp\/v2\/comments?post=1751"}],"version-history":[{"count":0,"href":"https:\/\/ischoolvirtual.com\/es\/wp-json\/wp\/v2\/pages\/1751\/revisions"}],"wp:attachment":[{"href":"https:\/\/ischoolvirtual.com\/es\/wp-json\/wp\/v2\/media?parent=1751"}],"curies":[{"name":"wp","href":"https:\/\/api.w.org\/{rel}","templated":true}]}}