{"id":2277,"date":"2023-08-09T20:49:24","date_gmt":"2023-08-09T20:49:24","guid":{"rendered":"https:\/\/ischoolvirtual.com\/?page_id=2277"},"modified":"2024-11-11T21:58:33","modified_gmt":"2024-11-11T21:58:33","slug":"responsiveed","status":"publish","type":"page","link":"https:\/\/ischoolvirtual.com\/es\/about-us\/responsiveed\/","title":{"rendered":"ResponsiveEd"},"content":{"rendered":"<div id=\"fws_69de4df8e9029\"  data-column-margin=\"default\" data-midnight=\"dark\" data-top-percent=\"5%\" data-bottom-percent=\"5%\"  class=\"wpb_row vc_row-fluid vc_row full-width-content vc_row-o-equal-height vc_row-flex vc_row-o-content-top  right_padding_7pct left_padding_7pct\"  style=\"padding-top: calc(100vw * 0.05); padding-bottom: calc(100vw * 0.05); \"><div class=\"row-bg-wrap\" data-bg-animation=\"none\" data-bg-animation-delay=\"\" data-bg-overlay=\"false\"><div class=\"inner-wrap row-bg-layer\" ><div class=\"row-bg viewport-desktop\"  style=\"\"><\/div><\/div><\/div><div class=\"row_col_wrap_12 col span_12 dark left\">\n\t<div  class=\"vc_col-sm-12 wpb_column column_container vc_column_container col has-animation no-extra-padding el_spacing_50px inherit_tablet inherit_phone mobile-disable-entrance-animation\"  data-padding-pos=\"all\" data-has-bg-color=\"false\" data-bg-color=\"\" data-bg-opacity=\"1\" data-animation=\"fade-in-from-left\" data-delay=\"0\" >\n\t\t<div class=\"vc_column-inner\" >\n\t\t\t<div class=\"wpb_wrapper\">\n\t\t\t\t<div class=\"nectar-split-heading\" data-align=\"default\" data-m-align=\"inherit\" data-text-effect=\"default\" data-animation-type=\"line-reveal-by-space\" data-animation-delay=\"0\" data-animation-offset=\"\" data-m-rm-animation=\"\" data-stagger=\"\" data-custom-font-size=\"false\" ><h3 style=\" color: #0da79f;\">Un distrito escolar aut\u00f3nomo que ofrece esperanza<\/h3><\/div><div class=\"nectar-highlighted-text\" data-style=\"regular_underline\" data-exp=\"closer\" data-underline-thickness=\"4px\" data-user-color=\"true\" style=\"color: #272726;\" data-using-custom-color=\"true\" data-animation-delay=\"300\" data-color=\"#0da79f\" data-color-gradient=\"\"><h1>A <em><span style=\"color: #ff9d00\">ResponsiveEd<\/span><\/em> Escuela<\/h1>\n<\/div>\n<div class=\"wpb_text_column wpb_content_element\" style=\" max-width: 1000px; display: inline-block;\">\n\t<p><a href=\"https:\/\/responsiveed.com\/\"><span style=\"text-decoration: underline;\">Soluciones educativas adaptables<\/span><\/a> es un reconocido distrito escolar aut\u00f3nomo con sede en el norte de Texas. Desde su creaci\u00f3n en 1998, la empresa ha proporcionado soluciones educativas adaptadas a los estudiantes, los maestros y las escuelas. Sus valores fundamentales se centran en fomentar una experiencia de aprendizaje positiva para todos los estudiantes y dotarlos de las habilidades y los conocimientos necesarios para sobresalir acad\u00e9micamente durante toda su vida.<\/p>\n<\/div>\n\n\n\n\n\t\t\t<\/div> \n\t\t<\/div>\n\t<\/div> \n<\/div><\/div>\n\t\t<div id=\"fws_69de4df8e9fce\"  data-column-margin=\"default\" data-midnight=\"dark\" data-top-percent=\"5%\" data-bottom-percent=\"5%\"  class=\"wpb_row vc_row-fluid vc_row full-width-content vc_row-o-equal-height vc_row-flex vc_row-o-content-top  right_padding_7pct left_padding_7pct\"  style=\"padding-top: calc(100vw * 0.05); padding-bottom: calc(100vw * 0.05); \"><div class=\"row-bg-wrap\" data-bg-animation=\"none\" data-bg-animation-delay=\"\" data-bg-overlay=\"true\"><div class=\"inner-wrap row-bg-layer\" ><div class=\"row-bg viewport-desktop\"  style=\"\"><\/div><\/div><div class=\"row-bg-overlay row-bg-layer\" style=\"background-color:#0da79f;  opacity: 0.8; \"><\/div><\/div><ul class=\"nectar-parallax-scene row-bg-layer\" data-scene-position=\"center\" data-scene-strength=\"5\"><li class=\"layer\" data-depth=\"0.00\"><\/li><li class=\"layer\" data-depth=\".20\"><div style=\"background-image:url('https:\/\/ischoolvirtual.com\/wp-content\/uploads\/2020\/08\/isva-09.jpg');\"><\/div><\/li><\/ul><div class=\"row_col_wrap_12 col span_12 dark left\">\n\t<div  class=\"vc_col-sm-12 wpb_column column_container vc_column_container col no-extra-padding inherit_tablet inherit_phone\"  data-padding-pos=\"all\" data-has-bg-color=\"false\" data-bg-color=\"\" data-bg-opacity=\"1\" data-animation=\"\" data-delay=\"0\" >\n\t\t<div class=\"vc_column-inner\" >\n\t\t\t<div class=\"wpb_wrapper\">\n\t\t\t\t<div id=\"fws_69de4df8ec1e8\" data-midnight=\"\" data-column-margin=\"30px\" class=\"wpb_row vc_row-fluid vc_row inner_row vc_row-o-equal-height vc_row-flex\"  style=\"\"><div class=\"row-bg-wrap\"> <div class=\"row-bg\" ><\/div> <\/div><div class=\"row_col_wrap_12_inner col span_12  left\">\n\t<div style=\" color: #ffffff;\" class=\"vc_col-sm-8 wpb_column column_container vc_column_container col child_column has-animation no-extra-padding inherit_tablet inherit_phone\" data-cfc=\"true\"  data-padding-pos=\"all\" data-has-bg-color=\"false\" data-bg-color=\"\" data-bg-opacity=\"1\" data-animation=\"fade-in\" data-delay=\"0\" >\n\t\t<div class=\"vc_column-inner\" >\n\t\t<div class=\"wpb_wrapper\">\n\t\t\t<div class=\"nectar-split-heading\" data-align=\"default\" data-m-align=\"inherit\" data-text-effect=\"default\" data-animation-type=\"line-reveal-by-space\" data-animation-delay=\"0\" data-animation-offset=\"\" data-m-rm-animation=\"\" data-stagger=\"\" data-custom-font-size=\"false\" ><h3 style=\" color: #ffffff;\">Ofrecer opciones escolares aut\u00e9nticas<\/h3><\/div><div class=\"nectar-split-heading\" data-align=\"default\" data-m-align=\"inherit\" data-text-effect=\"default\" data-animation-type=\"line-reveal-by-space\" data-animation-delay=\"0\" data-animation-offset=\"\" data-m-rm-animation=\"\" data-stagger=\"\" data-custom-font-size=\"false\" ><h2 style=\" color: #ffffff;\">ResponsiveEd ofrece opciones educativas para que las familias puedan elegir el mejor entorno de aprendizaje para sus hijos.<\/h2><\/div>\n<div class=\"wpb_text_column wpb_content_element\" >\n\t<p>ResponsiveEd es una empresa pionera en el panorama educativo, que se esfuerza por ofrecer diversas opciones educativas a las familias que buscan oportunidades variadas para sus hijos. La empresa es conocida por su plan de estudios personalizado que se adapta a diferentes estilos de aprendizaje, lo que hace que la educaci\u00f3n sea m\u00e1s eficaz y atractiva para todos los estudiantes. Los padres pueden elegir entre una amplia gama de opciones, que incluyen educaci\u00f3n virtual, cl\u00e1sica, STEM, universitaria temprana y muchas otras. Cada opci\u00f3n ofrece diferentes enfoques educativos, lo que permite a las familias encontrar la opci\u00f3n que mejor se adapta a las necesidades individuales de sus hijos.<\/p>\n<\/div>\n\n\n\n\n\t\t<\/div> \n\t<\/div>\n\t<\/div> \n\n\t<div style=\" color: #ffffff;margin-top: -250px; \" class=\"vc_col-sm-4 wpb_column column_container vc_column_container col child_column centered-text neg-marg no-extra-padding inherit_tablet inherit_phone\" data-cfc=\"true\"  data-padding-pos=\"all\" data-has-bg-color=\"false\" data-bg-color=\"\" data-bg-opacity=\"1\" data-animation=\"\" data-delay=\"0\" >\n\t\t<div class=\"vc_column-inner\" >\n\t\t<div class=\"wpb_wrapper\">\n\t\t\t<div class=\"img-with-aniamtion-wrap center custom-size custom-width-85pct position_desktop_absolute\" data-max-width=\"custom\" data-max-width-mobile=\"default\" data-shadow=\"none\" data-animation=\"fade-in\" >\n      <div class=\"inner\">\n        <div class=\"hover-wrap\"> \n          <div class=\"hover-wrap-inner\">\n            <img loading=\"lazy\" decoding=\"async\" class=\"img-with-animation hide-img skip-lazy\" data-delay=\"0\" height=\"800\" width=\"800\" data-animation=\"fade-in\" src=\"https:\/\/ischoolvirtual.com\/wp-content\/uploads\/2023\/04\/iSVA-Parent-4-800x800.png\" alt=\"Chica trabajando en su computadora port\u00e1til mientras su pap\u00e1 la observa.\" srcset=\"https:\/\/ischoolvirtual.com\/wp-content\/uploads\/2023\/04\/iSVA-Parent-4-800x800.png 800w, https:\/\/ischoolvirtual.com\/wp-content\/uploads\/2023\/04\/iSVA-Parent-4-300x300.png 300w, https:\/\/ischoolvirtual.com\/wp-content\/uploads\/2023\/04\/iSVA-Parent-4-150x150.png 150w, https:\/\/ischoolvirtual.com\/wp-content\/uploads\/2023\/04\/iSVA-Parent-4-768x768.png 768w, https:\/\/ischoolvirtual.com\/wp-content\/uploads\/2023\/04\/iSVA-Parent-4-100x100.png 100w, https:\/\/ischoolvirtual.com\/wp-content\/uploads\/2023\/04\/iSVA-Parent-4-140x140.png 140w, https:\/\/ischoolvirtual.com\/wp-content\/uploads\/2023\/04\/iSVA-Parent-4-500x500.png 500w, https:\/\/ischoolvirtual.com\/wp-content\/uploads\/2023\/04\/iSVA-Parent-4-350x350.png 350w, https:\/\/ischoolvirtual.com\/wp-content\/uploads\/2023\/04\/iSVA-Parent-4.png 815w\" sizes=\"auto, (max-width: 800px) 100vw, 800px\" \/>\n          <\/div>\n        <\/div>\n        \n      <\/div>\n    <\/div>\n\t\t<\/div> \n\t<\/div>\n\t<\/div> \n<\/div><\/div>\n\t\t\t<\/div> \n\t\t<\/div>\n\t<\/div> \n<\/div><\/div>\n\t\t<div id=\"fws_69de4df8efac6\"  data-column-margin=\"50px\" data-midnight=\"dark\" data-top-percent=\"5%\" data-bottom-percent=\"5%\"  class=\"wpb_row vc_row-fluid vc_row full-width-content vc_row-o-equal-height vc_row-flex vc_row-o-content-middle  right_padding_7pct left_padding_7pct right_padding_phone_1vw left_padding_phone_1vw\"  style=\"padding-top: calc(100vw * 0.05); padding-bottom: calc(100vw * 0.05); \"><div class=\"row-bg-wrap\" data-bg-animation=\"none\" data-bg-animation-delay=\"\" data-bg-overlay=\"false\"><div class=\"inner-wrap row-bg-layer\" ><div class=\"row-bg viewport-desktop\"  style=\"\"><\/div><\/div><\/div><div class=\"row_col_wrap_12 col span_12 dark left\">\n\t<div  class=\"vc_col-sm-6 wpb_column column_container vc_column_container col no-extra-padding inherit_tablet inherit_phone\"  data-padding-pos=\"all\" data-has-bg-color=\"false\" data-bg-color=\"\" data-bg-opacity=\"1\" data-animation=\"\" data-delay=\"0\" >\n\t\t<div class=\"vc_column-inner\" >\n\t\t\t<div class=\"wpb_wrapper\">\n\t\t\t\t<div id=\"fws_69de4df8f0216\" data-midnight=\"\" data-column-margin=\"100px\" class=\"wpb_row vc_row-fluid vc_row inner_row vc_row-o-equal-height vc_row-flex vc_row-o-content-middle\"  style=\"\"><div class=\"row-bg-wrap\"> <div class=\"row-bg\" ><\/div> <\/div><div class=\"row_col_wrap_12_inner col span_12  left\">\n\t<div style=\" color: #ffffff;\" class=\"vc_col-sm-12 wpb_column column_container vc_column_container col child_column no-extra-padding inherit_tablet inherit_phone\" data-cfc=\"true\"  data-padding-pos=\"all\" data-has-bg-color=\"false\" data-bg-color=\"\" data-bg-opacity=\"1\" data-animation=\"\" data-delay=\"0\" >\n\t\t<div class=\"vc_column-inner\" >\n\t\t<div class=\"wpb_wrapper\">\n\t\t\t<div class=\"img-with-aniamtion-wrap center custom-size custom-width-85pct\" data-max-width=\"custom\" data-max-width-mobile=\"default\" data-shadow=\"none\" data-animation=\"fade-in\" >\n      <div class=\"inner\">\n        <div class=\"hover-wrap\"> \n          <div class=\"hover-wrap-inner\">\n            <img loading=\"lazy\" decoding=\"async\" class=\"img-with-animation skip-lazy\" data-delay=\"0\" height=\"500\" width=\"500\" data-animation=\"fade-in\" src=\"https:\/\/ischoolvirtual.com\/wp-content\/uploads\/2023\/04\/iSVA-HS-2-500x500.png\" alt=\"chica trabajando en su computadora port\u00e1til\" srcset=\"https:\/\/ischoolvirtual.com\/wp-content\/uploads\/2023\/04\/iSVA-HS-2-500x500.png 500w, https:\/\/ischoolvirtual.com\/wp-content\/uploads\/2023\/04\/iSVA-HS-2-300x300.png 300w, https:\/\/ischoolvirtual.com\/wp-content\/uploads\/2023\/04\/iSVA-HS-2-150x150.png 150w, https:\/\/ischoolvirtual.com\/wp-content\/uploads\/2023\/04\/iSVA-HS-2-768x768.png 768w, https:\/\/ischoolvirtual.com\/wp-content\/uploads\/2023\/04\/iSVA-HS-2-100x100.png 100w, https:\/\/ischoolvirtual.com\/wp-content\/uploads\/2023\/04\/iSVA-HS-2-140x140.png 140w, https:\/\/ischoolvirtual.com\/wp-content\/uploads\/2023\/04\/iSVA-HS-2-350x350.png 350w, https:\/\/ischoolvirtual.com\/wp-content\/uploads\/2023\/04\/iSVA-HS-2-800x800.png 800w, https:\/\/ischoolvirtual.com\/wp-content\/uploads\/2023\/04\/iSVA-HS-2.png 815w\" sizes=\"auto, (max-width: 500px) 100vw, 500px\" \/>\n          <\/div>\n        <\/div>\n        \n      <\/div>\n    <\/div>\n\t\t<\/div> \n\t<\/div>\n\t<\/div> \n<\/div><\/div>\n\t\t\t<\/div> \n\t\t<\/div>\n\t<\/div> \n\n\t<div  class=\"vc_col-sm-6 wpb_column column_container vc_column_container col has-animation no-extra-padding inherit_tablet inherit_phone mobile-disable-entrance-animation\"  data-padding-pos=\"all\" data-has-bg-color=\"false\" data-bg-color=\"\" data-bg-opacity=\"1\" data-animation=\"fade-in-from-right\" data-delay=\"0\" >\n\t\t<div class=\"vc_column-inner\" >\n\t\t\t<div class=\"wpb_wrapper\">\n\t\t\t\t\n<div class=\"wpb_text_column wpb_content_element  wpb_animate_when_almost_visible wpb_fadeInDown fadeInDown\" >\n\t<h2 style=\"padding-bottom: 20px;\">Centr\u00e1ndonos en el <span style=\"color: #ff9d00;\">Individual<\/span><\/h2>\n<h3 style=\"color: #0da79f; padding-bottom: 20px;\">Responsive Education Solutions es una organizaci\u00f3n dedicada a proporcionar soluciones innovadoras y flexibles que se adaptan a las necesidades \u00fanicas de cada estudiante.<\/h3>\n<\/div>\n\n\n\n\n<div class=\"wpb_text_column wpb_content_element\" >\n\t<p>Con su compromiso con los planes educativos personalizados, la ense\u00f1anza de alta calidad y los m\u00e9todos did\u00e1cticos innovadores, ResponsiveEd capacita a los estudiantes para que alcancen el \u00e9xito tanto dentro como fuera del aula. Su historial de \u00e9xitos, junto con sus valores fundamentales y su compromiso con el fomento de entornos de aprendizaje positivos, la han convertido en una empresa l\u00edder en la prestaci\u00f3n de servicios educativos.<\/p>\n<\/div>\n\n\n\n<div id=\"fws_69de4df8f2270\" data-midnight=\"\" data-column-margin=\"default\" class=\"wpb_row vc_row-fluid vc_row inner_row vc_row-o-content-middle\"  style=\"\"><div class=\"row-bg-wrap\"> <div class=\"row-bg\" ><\/div> <\/div><div class=\"row_col_wrap_12_inner col span_12  left\">\n\t<div style=\" color: #ffffff;margin-top: 35px; \" class=\"vc_col-sm-8 box-button wpb_column column_container vc_column_container col child_column has-animation padding-2-percent el_spacing_30px inherit_tablet inherit_phone mobile-disable-entrance-animation\" data-cfc=\"true\" data-using-bg=\"true\" data-shadow=\"small_depth\" data-border-radius=\"100px\" data-border-animation=\"\" data-border-animation-delay=\"\" data-border-width=\"4px\" data-border-style=\"solid\" data-border-color=\"#ff9d00\" data-padding-pos=\"all\" data-has-bg-color=\"true\" data-bg-color=\"#ff9d00\" data-bg-opacity=\"1\" data-hover-bg=\"#ffffff\" data-hover-bg-opacity=\"1\" data-animation=\"grow-in\" data-delay=\"450\" >\n\t\t<div class=\"vc_column-inner\" style=\"border: 4px solid #ff9d00;\"><a class=\"column-link\" target=\"_self\" href=\"https:\/\/responsiveed.com\"><\/a><div class=\"column-bg-overlay-wrap column-bg-layer\" data-bg-animation=\"none\"><div class=\"column-bg-overlay\" style=\"opacity: 1; background-color: #ff9d00;\"><\/div><\/div>\n\t\t<div class=\"wpb_wrapper\">\n\t\t\t\n<div class=\"wpb_text_column wpb_content_element\" >\n\t<h4 style=\"text-align: center;\"><a href=\"https:\/\/responsiveed.com\/\">Visitar el sitio web<\/a><\/h4>\n<\/div>\n\n\n\n\n\t\t<\/div> \n\t<\/div>\n\t<\/div> \n\n\t<div  class=\"vc_col-sm-4 wpb_column column_container vc_column_container col child_column no-extra-padding inherit_tablet inherit_phone\"   data-padding-pos=\"all\" data-has-bg-color=\"false\" data-bg-color=\"\" data-bg-opacity=\"1\" data-animation=\"\" data-delay=\"0\" >\n\t\t<div class=\"vc_column-inner\" >\n\t\t<div class=\"wpb_wrapper\">\n\t\t\t\n\t\t<\/div> \n\t<\/div>\n\t<\/div> \n<\/div><\/div>\n\t\t\t<\/div> \n\t\t<\/div>\n\t<\/div> \n<\/div><\/div>","protected":false},"excerpt":{"rendered":"Un distrito escolar aut\u00f3nomo que ofrece esperanza: ResponsiveEd School Responsive Education Solutions es un reconocido distrito escolar aut\u00f3nomo con sede en el norte de Texas. Desde su creaci\u00f3n en 1998, la empresa...","protected":false},"author":1,"featured_media":0,"parent":59,"menu_order":0,"comment_status":"closed","ping_status":"closed","template":"","meta":{"content-type":"","footnotes":""},"class_list":["post-2277","page","type-page","status-publish"],"yoast_head":"<!-- This site is optimized with the Yoast SEO plugin v27.2 - https:\/\/yoast.com\/product\/yoast-seo-wordpress\/ -->\n<title>About ResponsiveEd | iSchool Virtual Academy Partner<\/title>\n<meta name=\"description\" content=\"Learn about ResponsiveEd, the nonprofit organization supporting iSchool Virtual Academy and tuition-free online public education for Texas families.\" \/>\n<meta name=\"robots\" content=\"index, follow, max-snippet:-1, max-image-preview:large, max-video-preview:-1\" \/>\n<link rel=\"canonical\" href=\"https:\/\/ischoolvirtual.com\/es\/quienes-somos\/responsiveed\/\" \/>\n<meta property=\"og:locale\" content=\"es_MX\" \/>\n<meta property=\"og:type\" content=\"article\" \/>\n<meta property=\"og:title\" content=\"Tuition-Free Online Public School | iSchool Virtual Academy\" \/>\n<meta property=\"og:description\" content=\"iSchool offers flexible pacing and tailored online instruction taught by Texas-certified teachers. Enroll your 3 - 12 grade student in our tuition-free program now.\" \/>\n<meta property=\"og:url\" content=\"https:\/\/ischoolvirtual.com\/es\/quienes-somos\/responsiveed\/\" \/>\n<meta property=\"og:site_name\" content=\"iSchool Virtual Academy\" \/>\n<meta property=\"article:modified_time\" content=\"2024-11-11T21:58:33+00:00\" \/>\n<meta property=\"og:image\" content=\"https:\/\/ischoolvirtual.com\/wp-content\/uploads\/2020\/08\/Mission-BG.jpg\" \/>\n\t<meta property=\"og:image:width\" content=\"2250\" \/>\n\t<meta property=\"og:image:height\" content=\"1483\" \/>\n\t<meta property=\"og:image:type\" content=\"image\/jpeg\" \/>\n<meta name=\"twitter:card\" content=\"summary_large_image\" \/>\n<script type=\"application\/ld+json\" class=\"yoast-schema-graph\">{\"@context\":\"https:\/\/schema.org\",\"@graph\":[{\"@type\":\"WebPage\",\"@id\":\"https:\/\/ischoolvirtual.com\/about-us\/responsiveed\/\",\"url\":\"https:\/\/ischoolvirtual.com\/about-us\/responsiveed\/\",\"name\":\"About ResponsiveEd | iSchool Virtual Academy Partner\",\"isPartOf\":{\"@id\":\"https:\/\/ischoolvirtual.com\/es\/#website\"},\"datePublished\":\"2023-08-09T20:49:24+00:00\",\"dateModified\":\"2024-11-11T21:58:33+00:00\",\"description\":\"Learn about ResponsiveEd, the nonprofit organization supporting iSchool Virtual Academy and tuition-free online public education for Texas families.\",\"breadcrumb\":{\"@id\":\"https:\/\/ischoolvirtual.com\/about-us\/responsiveed\/#breadcrumb\"},\"inLanguage\":\"es\",\"potentialAction\":[{\"@type\":\"ReadAction\",\"target\":[\"https:\/\/ischoolvirtual.com\/about-us\/responsiveed\/\"]}]},{\"@type\":\"BreadcrumbList\",\"@id\":\"https:\/\/ischoolvirtual.com\/about-us\/responsiveed\/#breadcrumb\",\"itemListElement\":[{\"@type\":\"ListItem\",\"position\":1,\"name\":\"Home\",\"item\":\"https:\/\/ischoolvirtual.com\/\"},{\"@type\":\"ListItem\",\"position\":2,\"name\":\"About Us\",\"item\":\"https:\/\/ischoolvirtual.com\/about-us\/\"},{\"@type\":\"ListItem\",\"position\":3,\"name\":\"ResponsiveEd\"}]},{\"@type\":\"WebSite\",\"@id\":\"https:\/\/ischoolvirtual.com\/es\/#website\",\"url\":\"https:\/\/ischoolvirtual.com\/es\/\",\"name\":\"iSchool Virtual Academy\",\"description\":\"iSchool Virtual Academy - Tuition-Free Texas Online Charter School\",\"publisher\":{\"@id\":\"https:\/\/ischoolvirtual.com\/es\/#organization\"},\"alternateName\":\"iSVA\",\"potentialAction\":[{\"@type\":\"SearchAction\",\"target\":{\"@type\":\"EntryPoint\",\"urlTemplate\":\"https:\/\/ischoolvirtual.com\/es\/?s={search_term_string}\"},\"query-input\":{\"@type\":\"PropertyValueSpecification\",\"valueRequired\":true,\"valueName\":\"search_term_string\"}}],\"inLanguage\":\"es\"},{\"@type\":\"Organization\",\"@id\":\"https:\/\/ischoolvirtual.com\/es\/#organization\",\"name\":\"iSchool Virtual Academy\",\"alternateName\":\"iSVA\",\"url\":\"https:\/\/ischoolvirtual.com\/es\/\",\"logo\":{\"@type\":\"ImageObject\",\"inLanguage\":\"es\",\"@id\":\"https:\/\/ischoolvirtual.com\/es\/#\/schema\/logo\/image\/\",\"url\":\"https:\/\/ischoolvirtual.com\/wp-content\/uploads\/2021\/05\/cropped-isva-favicon.png\",\"contentUrl\":\"https:\/\/ischoolvirtual.com\/wp-content\/uploads\/2021\/05\/cropped-isva-favicon.png\",\"width\":512,\"height\":512,\"caption\":\"iSchool Virtual Academy\"},\"image\":{\"@id\":\"https:\/\/ischoolvirtual.com\/es\/#\/schema\/logo\/image\/\"}}]}<\/script>\n<!-- \/ Yoast SEO plugin. -->","yoast_head_json":{"title":"About ResponsiveEd | iSchool Virtual Academy Partner","description":"Learn about ResponsiveEd, the nonprofit organization supporting iSchool Virtual Academy and tuition-free online public education for Texas families.","robots":{"index":"index","follow":"follow","max-snippet":"max-snippet:-1","max-image-preview":"max-image-preview:large","max-video-preview":"max-video-preview:-1"},"canonical":"https:\/\/ischoolvirtual.com\/es\/quienes-somos\/responsiveed\/","og_locale":"es_MX","og_type":"article","og_title":"Tuition-Free Online Public School | iSchool Virtual Academy","og_description":"iSchool offers flexible pacing and tailored online instruction taught by Texas-certified teachers. Enroll your 3 - 12 grade student in our tuition-free program now.","og_url":"https:\/\/ischoolvirtual.com\/es\/quienes-somos\/responsiveed\/","og_site_name":"iSchool Virtual Academy","article_modified_time":"2024-11-11T21:58:33+00:00","og_image":[{"width":2250,"height":1483,"url":"https:\/\/ischoolvirtual.com\/wp-content\/uploads\/2020\/08\/Mission-BG.jpg","type":"image\/jpeg"}],"twitter_card":"summary_large_image","schema":{"@context":"https:\/\/schema.org","@graph":[{"@type":"WebPage","@id":"https:\/\/ischoolvirtual.com\/about-us\/responsiveed\/","url":"https:\/\/ischoolvirtual.com\/about-us\/responsiveed\/","name":"About ResponsiveEd | iSchool Virtual Academy Partner","isPartOf":{"@id":"https:\/\/ischoolvirtual.com\/es\/#website"},"datePublished":"2023-08-09T20:49:24+00:00","dateModified":"2024-11-11T21:58:33+00:00","description":"Learn about ResponsiveEd, the nonprofit organization supporting iSchool Virtual Academy and tuition-free online public education for Texas families.","breadcrumb":{"@id":"https:\/\/ischoolvirtual.com\/about-us\/responsiveed\/#breadcrumb"},"inLanguage":"es","potentialAction":[{"@type":"ReadAction","target":["https:\/\/ischoolvirtual.com\/about-us\/responsiveed\/"]}]},{"@type":"BreadcrumbList","@id":"https:\/\/ischoolvirtual.com\/about-us\/responsiveed\/#breadcrumb","itemListElement":[{"@type":"ListItem","position":1,"name":"Home","item":"https:\/\/ischoolvirtual.com\/"},{"@type":"ListItem","position":2,"name":"About Us","item":"https:\/\/ischoolvirtual.com\/about-us\/"},{"@type":"ListItem","position":3,"name":"ResponsiveEd"}]},{"@type":"WebSite","@id":"https:\/\/ischoolvirtual.com\/es\/#website","url":"https:\/\/ischoolvirtual.com\/es\/","name":"Academia Virtual iSchool","description":"iSchool Virtual Academy: escuela aut\u00f3noma en l\u00ednea sin cuota de matr\u00edcula en Texas","publisher":{"@id":"https:\/\/ischoolvirtual.com\/es\/#organization"},"alternateName":"iSVA","potentialAction":[{"@type":"SearchAction","target":{"@type":"EntryPoint","urlTemplate":"https:\/\/ischoolvirtual.com\/es\/?s={search_term_string}"},"query-input":{"@type":"PropertyValueSpecification","valueRequired":true,"valueName":"search_term_string"}}],"inLanguage":"es"},{"@type":"Organization","@id":"https:\/\/ischoolvirtual.com\/es\/#organization","name":"Academia Virtual iSchool","alternateName":"iSVA","url":"https:\/\/ischoolvirtual.com\/es\/","logo":{"@type":"ImageObject","inLanguage":"es","@id":"https:\/\/ischoolvirtual.com\/es\/#\/schema\/logo\/image\/","url":"https:\/\/ischoolvirtual.com\/wp-content\/uploads\/2021\/05\/cropped-isva-favicon.png","contentUrl":"https:\/\/ischoolvirtual.com\/wp-content\/uploads\/2021\/05\/cropped-isva-favicon.png","width":512,"height":512,"caption":"iSchool Virtual Academy"},"image":{"@id":"https:\/\/ischoolvirtual.com\/es\/#\/schema\/logo\/image\/"}}]}},"_links":{"self":[{"href":"https:\/\/ischoolvirtual.com\/es\/wp-json\/wp\/v2\/pages\/2277","targetHints":{"allow":["GET"]}}],"collection":[{"href":"https:\/\/ischoolvirtual.com\/es\/wp-json\/wp\/v2\/pages"}],"about":[{"href":"https:\/\/ischoolvirtual.com\/es\/wp-json\/wp\/v2\/types\/page"}],"author":[{"embeddable":true,"href":"https:\/\/ischoolvirtual.com\/es\/wp-json\/wp\/v2\/users\/1"}],"replies":[{"embeddable":true,"href":"https:\/\/ischoolvirtual.com\/es\/wp-json\/wp\/v2\/comments?post=2277"}],"version-history":[{"count":0,"href":"https:\/\/ischoolvirtual.com\/es\/wp-json\/wp\/v2\/pages\/2277\/revisions"}],"up":[{"embeddable":true,"href":"https:\/\/ischoolvirtual.com\/es\/wp-json\/wp\/v2\/pages\/59"}],"wp:attachment":[{"href":"https:\/\/ischoolvirtual.com\/es\/wp-json\/wp\/v2\/media?parent=2277"}],"curies":[{"name":"wp","href":"https:\/\/api.w.org\/{rel}","templated":true}]}}