{"id":2297,"date":"2023-08-30T21:01:35","date_gmt":"2023-08-30T21:01:35","guid":{"rendered":"https:\/\/ischoolvirtual.com\/?page_id=2297"},"modified":"2024-12-19T18:49:03","modified_gmt":"2024-12-19T18:49:03","slug":"homeschool","status":"publish","type":"page","link":"https:\/\/ischoolvirtual.com\/es\/our-program\/homeschool\/","title":{"rendered":"Alternativa a la educaci\u00f3n en casa"},"content":{"rendered":"<div id=\"fws_69d296e5126d1\"  data-column-margin=\"30px\" data-midnight=\"dark\" data-bottom-percent=\"5%\"  class=\"wpb_row vc_row-fluid vc_row full-width-content vc_row-o-equal-height vc_row-flex vc_row-o-content-top  top_margin_-50px right_padding_5pct left_padding_5pct\"  style=\"padding-top: 0px; padding-bottom: calc(100vw * 0.05); \"><div class=\"row-bg-wrap\" data-bg-animation=\"none\" data-bg-animation-delay=\"\" data-bg-overlay=\"false\"><div class=\"inner-wrap row-bg-layer\" ><div class=\"row-bg viewport-desktop\"  style=\"\"><\/div><\/div><\/div><div class=\"row_col_wrap_12 col span_12 dark left\">\n\t<div  class=\"vc_col-sm-12 wpb_column column_container vc_column_container col no-extra-padding inherit_tablet inherit_phone\"  data-padding-pos=\"all\" data-has-bg-color=\"false\" data-bg-color=\"\" data-bg-opacity=\"1\" data-animation=\"\" data-delay=\"0\" >\n\t\t<div class=\"vc_column-inner\" >\n\t\t\t<div class=\"wpb_wrapper\">\n\t\t\t\t<div id=\"fws_69d296e512ddd\" data-midnight=\"\" data-column-margin=\"default\" class=\"wpb_row vc_row-fluid vc_row inner_row\"  style=\"\"><div class=\"row-bg-wrap\"> <div class=\"row-bg\" ><\/div> <\/div><div class=\"row_col_wrap_12_inner col span_12  left\">\n\t<div style=\"margin-top: 10%; margin-bottom: 30px; \" class=\"vc_col-sm-12 wpb_column column_container vc_column_container col child_column no-extra-padding el_spacing_30px inherit_tablet inherit_phone\"   data-padding-pos=\"all\" data-has-bg-color=\"false\" data-bg-color=\"\" data-bg-opacity=\"1\" data-animation=\"\" data-delay=\"0\" >\n\t\t<div class=\"vc_column-inner\" >\n\t\t<div class=\"wpb_wrapper\">\n\t\t\t<div class=\"nectar-split-heading\" data-align=\"default\" data-m-align=\"inherit\" data-text-effect=\"default\" data-animation-type=\"default\" data-animation-delay=\"0\" data-animation-offset=\"\" data-m-rm-animation=\"\" data-stagger=\"\" data-custom-font-size=\"false\" ><div class=\"heading-line\" > <div><h3 style=\"color: #0da79f\">Alternativa a la educaci\u00f3n en casa<\/h3> <\/div> <\/div><\/div><div class=\"nectar-highlighted-text font_size_4.5vw\" data-style=\"regular_underline\" data-exp=\"default\" data-underline-thickness=\"4px\" data-user-color=\"true\" style=\"color: #272726;\" data-using-custom-color=\"true\" data-animation-delay=\"false\" data-color=\"#0da79f\" data-color-gradient=\"\"><h1>Toma las riendas de la educaci\u00f3n., <em><span style=\"color: #ff9d00\">Una soluci\u00f3n alternativa<\/span><\/em><\/h1>\n<\/div>\n<div class=\"wpb_text_column wpb_content_element\" style=\" max-width: 1200px; display: inline-block;\">\n\t<div class=\"wpb_wrapper\">\n\t\t<p>Descubra iSchool Virtual Academy of Texas, la alternativa l\u00edder a la educaci\u00f3n en casa. Nuestra escuela p\u00fablica aut\u00f3noma acreditada ofrece una experiencia de aprendizaje segura y a su propio ritmo, con el apoyo personalizado de orientadores, consejeros y profesores apasionados.<\/p>\n\t<\/div>\n<\/div>\n\n\n\n\n\t\t<\/div> \n\t<\/div>\n\t<\/div> \n<\/div><\/div><div id=\"fws_69d296e5139db\" data-midnight=\"\" data-column-margin=\"default\" class=\"wpb_row vc_row-fluid vc_row inner_row\"  style=\"\"><div class=\"row-bg-wrap\"> <div class=\"row-bg\" ><\/div> <\/div><div class=\"row_col_wrap_12_inner col span_12  left\">\n\t<div style=\" color: #ffffff;margin-bottom: 30px; \" class=\"vc_col-sm-4 box-button wpb_column column_container vc_column_container col child_column has-animation padding-1-percent inherit_tablet inherit_phone\" data-cfc=\"true\" data-using-bg=\"true\" data-shadow=\"small_depth\" data-border-radius=\"50px\" data-border-animation=\"\" data-border-animation-delay=\"\" data-border-width=\"4px\" data-border-style=\"solid\" data-border-color=\"#ff9d00\" data-padding-pos=\"all\" data-has-bg-color=\"true\" data-bg-color=\"#ff9d00\" data-bg-opacity=\"1\" data-hover-bg=\"#ffffff\" data-hover-bg-opacity=\"1\" data-animation=\"grow-in\" data-delay=\"450\" >\n\t\t<div class=\"vc_column-inner\" style=\"border: 4px solid #ff9d00;\"><a class=\"column-link\" target=\"_self\" href=\"\/es\/inscribir\/\"><\/a><div class=\"column-bg-overlay-wrap column-bg-layer\" data-bg-animation=\"none\"><div class=\"column-bg-overlay\" style=\"opacity: 1; background-color: #ff9d00;\"><\/div><\/div>\n\t\t<div class=\"wpb_wrapper\">\n\t\t\t\n<div class=\"wpb_text_column wpb_content_element\" >\n\t<div class=\"wpb_wrapper\">\n\t\t<h4 style=\"text-align: center;\">Hazte estudiante hoy mismo<\/h4>\n\t<\/div>\n<\/div>\n\n\n\n\n\t\t<\/div> \n\t<\/div>\n\t<\/div> \n<\/div><\/div>\n\t\t\t<\/div> \n\t\t<\/div>\n\t<\/div> \n<\/div><\/div>\n\t\t<div id=\"fws_69d296e514a4d\"  data-column-margin=\"default\" data-midnight=\"dark\"  class=\"wpb_row vc_row-fluid vc_row full-width-content vc_row-o-equal-height vc_row-flex vc_row-o-content-top  right_padding_5pct left_padding_5pct\"  style=\"padding-top: 0px; padding-bottom: 0px; \"><div class=\"row-bg-wrap\" data-bg-animation=\"none\" data-bg-animation-delay=\"\" data-bg-overlay=\"true\"><div class=\"inner-wrap row-bg-layer using-image\" ><div class=\"row-bg viewport-desktop using-image\"  style=\"background-position: center center; background-repeat: no-repeat; \" data-nectar-img-src=\"https:\/\/ischoolvirtual.com\/wp-content\/uploads\/2023\/08\/iStock-1297055506.jpg\"><\/div><\/div><div class=\"row-bg-overlay row-bg-layer\" style=\"background-color:#0da79f;  opacity: 0.95; \"><\/div><\/div><div class=\"row_col_wrap_12 col span_12 dark left\">\n\t<div  class=\"vc_col-sm-12 wpb_column column_container vc_column_container col no-extra-padding inherit_tablet inherit_phone\"  data-padding-pos=\"all\" data-has-bg-color=\"false\" data-bg-color=\"\" data-bg-opacity=\"1\" data-animation=\"\" data-delay=\"0\" >\n\t\t<div class=\"vc_column-inner\" >\n\t\t\t<div class=\"wpb_wrapper\">\n\t\t\t\t<div id=\"fws_69d296e51502f\" data-midnight=\"\" data-column-margin=\"100px\" class=\"wpb_row vc_row-fluid vc_row inner_row vc_row-o-equal-height vc_row-flex vc_row-o-content-middle right_padding_5pct left_padding_5pct\"  style=\"padding-top: 5%; padding-bottom: 5%; \"><div class=\"row-bg-wrap\"> <div class=\"row-bg\" ><\/div> <\/div><div class=\"row_col_wrap_12_inner col span_12  left\">\n\t<div style=\" color: #ffffff;\" class=\"vc_col-sm-6 wpb_column column_container vc_column_container col child_column no-extra-padding inherit_tablet inherit_phone\" data-cfc=\"true\"  data-padding-pos=\"all\" data-has-bg-color=\"false\" data-bg-color=\"\" data-bg-opacity=\"1\" data-animation=\"\" data-delay=\"0\" >\n\t\t<div class=\"vc_column-inner\" >\n\t\t<div class=\"wpb_wrapper\">\n\t\t\t<div class=\"img-with-aniamtion-wrap center custom-size\" data-max-width=\"100%\" data-max-width-mobile=\"default\" data-border-radius=\"20px\" data-shadow=\"none\" data-animation=\"fade-in\" >\n      <div class=\"inner\">\n        <div class=\"hover-wrap\"> \n          <div class=\"hover-wrap-inner\">\n            <img loading=\"lazy\" decoding=\"async\" class=\"img-with-animation skip-lazy nectar-lazy\" data-delay=\"0\" height=\"604\" width=\"900\" data-animation=\"fade-in\" data-nectar-img-src=\"https:\/\/ischoolvirtual.com\/wp-content\/uploads\/2023\/08\/iStock-1297055506-900x604.jpg\" src=\"data:image\/svg+xml;charset=utf-8,%3Csvg%20xmlns%3D'http%3A%2F%2Fwww.w3.org%2F2000%2Fsvg'%20viewBox%3D'0%200%20900%20604'%2F%3E\" alt=\"Padre animando a su hijo a estudiar en casa o a hacer una videollamada\/ver una pel\u00edcula.\" data-nectar-img-srcset=\"https:\/\/ischoolvirtual.com\/wp-content\/uploads\/2023\/08\/iStock-1297055506-900x604.jpg 900w, https:\/\/ischoolvirtual.com\/wp-content\/uploads\/2023\/08\/iStock-1297055506-300x200.jpg 300w, https:\/\/ischoolvirtual.com\/wp-content\/uploads\/2023\/08\/iStock-1297055506-600x403.jpg 600w, https:\/\/ischoolvirtual.com\/wp-content\/uploads\/2023\/08\/iStock-1297055506-400x269.jpg 400w\" sizes=\"auto, (max-width: 900px) 100vw, 900px\" \/>\n          <\/div>\n        <\/div>\n      <\/div>\n    <\/div>\n\t\t<\/div> \n\t<\/div>\n\t<\/div> \n\n\t<div style=\" color: #ffffff;\" class=\"vc_col-sm-6 wpb_column column_container vc_column_container col child_column no-extra-padding inherit_tablet inherit_phone\" data-cfc=\"true\"  data-padding-pos=\"all\" data-has-bg-color=\"false\" data-bg-color=\"\" data-bg-opacity=\"1\" data-animation=\"\" data-delay=\"0\" >\n\t\t<div class=\"vc_column-inner\" >\n\t\t<div class=\"wpb_wrapper\">\n\t\t\t<div class=\"nectar-badge nectar-inherit-h4 nectar-display-block text-color-ffffff padding-amount-medium badge-style-default\"><div class=\"nectar-badge__inner nectar-bg-extra-color-1\">Una experiencia alternativa l\u00edder en educaci\u00f3n en casa<\/div><\/div><div class=\"nectar-split-heading\" data-align=\"default\" data-m-align=\"inherit\" data-text-effect=\"default\" data-animation-type=\"line-reveal-by-space\" data-animation-delay=\"0\" data-animation-offset=\"\" data-m-rm-animation=\"\" data-stagger=\"\" data-custom-font-size=\"false\" ><h3 style=\" color: #ffffff;\">La educaci\u00f3n en casa es una excelente opci\u00f3n de aprendizaje para muchos estudiantes.<\/h3><\/div>\n<div class=\"wpb_text_column wpb_content_element  wpb_animate_when_almost_visible wpb_fadeIn fadeIn\" >\n\t<div class=\"wpb_wrapper\">\n\t\t<p><span style=\"font-weight: 400;\">Tanto si su hijo se ha quedado atr\u00e1s en los cursos tradicionales, necesita un apoyo m\u00e1s personalizado o desea un entorno de aprendizaje seguro, hacerse cargo de su educaci\u00f3n es una forma estupenda de ayudarle a prosperar.\u00a0<\/span><\/p>\n<p><span style=\"font-weight: 400;\">Sin embargo, cumplir con los requisitos de las pruebas estatales y los est\u00e1ndares acad\u00e9micos puede ser un reto. La buena noticia es que usted puede aprovechar todos los beneficios de la educaci\u00f3n en casa para su hijo, mientras nosotros le ayudamos a llevarlo a un centro de pruebas adecuado y a prepararlo para realizar las pruebas exigidas por el estado.<\/span><\/p>\n<p><span style=\"font-weight: 400;\">La soluci\u00f3n: inscriba a su hijo en iSchool Virtual Academy of Texas. Como entidad acreditada, iSchool cumple con todos los requisitos estatales en materia de ex\u00e1menes y planes de estudio, al tiempo que permite a su hijo aprender en la seguridad y comodidad de su hogar.<\/span><\/p>\n\t<\/div>\n<\/div>\n\n\n\n\n\t\t<\/div> \n\t<\/div>\n\t<\/div> \n<\/div><\/div>\n\t\t\t<\/div> \n\t\t<\/div>\n\t<\/div> \n<\/div><\/div>\n\t\t<div id=\"fws_69d296e516bc0\"  data-column-margin=\"default\" data-midnight=\"dark\" data-top-percent=\"5%\" data-bottom-percent=\"5%\"  class=\"wpb_row vc_row-fluid vc_row full-width-content vc_row-o-equal-height vc_row-flex vc_row-o-content-middle  right_padding_5pct left_padding_5pct reverse_columns_desktop\"  style=\"padding-top: calc(100vw * 0.05); padding-bottom: calc(100vw * 0.05); \"><div class=\"row-bg-wrap\" data-bg-animation=\"none\" data-bg-animation-delay=\"\" data-bg-overlay=\"false\"><div class=\"inner-wrap row-bg-layer\" ><div class=\"row-bg viewport-desktop\"  style=\"\"><\/div><\/div><\/div><div class=\"row_col_wrap_12 col span_12 dark left\">\n\t<div style=\" color: #ffffff;\" class=\"vc_col-sm-12 wpb_column column_container vc_column_container col has-animation padding-5-percent inherit_tablet inherit_phone\" data-cfc=\"true\"  data-border-radius=\"20px\" data-shadow=\"small_depth\" data-overlay-color=\"true\" data-padding-pos=\"all\" data-has-bg-color=\"false\" data-bg-color=\"\" data-bg-opacity=\"1\" data-animation=\"grow-in\" data-delay=\"0\" >\n\t\t<div class=\"vc_column-inner\" ><div class=\"column-bg-overlay-wrap column-bg-layer\" data-bg-animation=\"none\"><div class=\"column-bg-overlay\"><\/div><div class=\"column-overlay-layer\" style=\"background-color:#ff9d00;  opacity: 1; \"><\/div><\/div>\n\t\t\t<div class=\"wpb_wrapper\">\n\t\t\t\t<div id=\"fws_69d296e5171ae\" data-midnight=\"\" data-column-margin=\"default\" class=\"wpb_row vc_row-fluid vc_row inner_row vc_row-o-equal-height vc_row-flex vc_row-o-content-middle\"  style=\"\"><div class=\"row-bg-wrap\"> <div class=\"row-bg\" ><\/div> <\/div><div class=\"row_col_wrap_12_inner col span_12  left\">\n\t<div style=\" color: #ffffff;\" class=\"vc_col-sm-6 wpb_column column_container vc_column_container col child_column no-extra-padding inherit_tablet inherit_phone\" data-cfc=\"true\"  data-padding-pos=\"all\" data-has-bg-color=\"false\" data-bg-color=\"\" data-bg-opacity=\"1\" data-animation=\"\" data-delay=\"0\" >\n\t\t<div class=\"vc_column-inner\" >\n\t\t<div class=\"wpb_wrapper\">\n\t\t\t<div class=\"nectar-split-heading\" data-align=\"center\" data-m-align=\"inherit\" data-text-effect=\"default\" data-animation-type=\"line-reveal-by-space\" data-animation-delay=\"0\" data-animation-offset=\"\" data-m-rm-animation=\"\" data-stagger=\"\" data-custom-font-size=\"false\" ><h2 style=\" color: #ffffff;\">C\u00f3mo funciona<\/h2><\/div>\n\t\t<\/div> \n\t<\/div>\n\t<\/div> \n\n\t<div  class=\"vc_col-sm-6 wpb_column column_container vc_column_container col child_column no-extra-padding inherit_tablet inherit_phone\"   data-padding-pos=\"all\" data-has-bg-color=\"false\" data-bg-color=\"\" data-bg-opacity=\"1\" data-animation=\"\" data-delay=\"0\" >\n\t\t<div class=\"vc_column-inner\" >\n\t\t<div class=\"wpb_wrapper\">\n\t\t\t\n<div class=\"wpb_text_column wpb_content_element  wpb_animate_when_almost_visible wpb_fadeIn fadeIn\" >\n\t<div class=\"wpb_wrapper\">\n\t\t<p><span style=\"font-weight: 400;\">La iSchool Virtual Academy of Texas ha creado un programa de aprendizaje sencillo pero eficaz. Al tratarse de una escuela p\u00fablica <a href=\"https:\/\/ischoolvirtual.com\/es\/quienes-somos\/escuela-autonoma\/\">escuela aut\u00f3noma<\/a>, puedes<a href=\"https:\/\/ischoolvirtual.com\/es\/nuestro-programa\/costs\/\"> Inscriba a su estudiante sin costo alguno.<\/a>.\u00a0<\/span><\/p>\n<p><span style=\"font-weight: 400;\"><a href=\"https:\/\/ischoolvirtual.com\/es\/inscribir\/\">Una vez inscrito<\/a>, se sumergir\u00e1n en nuestro entorno de aprendizaje divertido, eficaz e inclusivo. Podr\u00e1n tomar todos sus cursos en l\u00ednea, recuperar cr\u00e9ditos, disfrutar de una experiencia de aprendizaje a su propio ritmo y prepararse para los ex\u00e1menes estatales.\u00a0<\/span><\/p>\n<p><span style=\"font-weight: 400;\">Lo mejor de iSchool es que ofrecemos experiencias personalizadas dise\u00f1adas para adaptarse a las necesidades y estilos de aprendizaje \u00fanicos de cada estudiante. Apoyamos su \u00e9xito con una red de asesores de \u00e9xito, consejeros y <a href=\"https:\/\/ischoolvirtual.com\/es\/nuestro-programa\/our-educators\/\">Profesores apasionados y certificados<\/a>. Adem\u00e1s, les proporcionamos numerosos recursos de aprendizaje a trav\u00e9s de nuestra biblioteca de videos digitales.\u00a0<\/span><\/p>\n\t<\/div>\n<\/div>\n\n\n\n\n\t\t<\/div> \n\t<\/div>\n\t<\/div> \n<\/div><\/div>\n\t\t\t<\/div> \n\t\t<\/div>\n\t<\/div> \n<\/div><\/div>","protected":false},"excerpt":{"rendered":"Alternativa a la educaci\u00f3n en casa: tome las riendas de la educaci\u00f3n, una soluci\u00f3n alternativa. Descubra iSchool Virtual Academy of Texas, la alternativa l\u00edder a la educaci\u00f3n en casa. Nuestra escuela p\u00fablica aut\u00f3noma acreditada ofrece una experiencia de aprendizaje segura y a su propio ritmo...","protected":false},"author":8,"featured_media":0,"parent":1940,"menu_order":0,"comment_status":"closed","ping_status":"open","template":"","meta":{"content-type":"","footnotes":""},"class_list":["post-2297","page","type-page","status-publish"],"yoast_head":"<!-- This site is optimized with the Yoast SEO plugin v27.2 - https:\/\/yoast.com\/product\/yoast-seo-wordpress\/ -->\n<title>Better Than Homeschool? Online Public School Option<\/title>\n<meta name=\"description\" content=\"Looking for a homeschool alternative? iSchool Virtual Academy is a tuition-free Texas online public school with certified teachers and full support.\" \/>\n<meta name=\"robots\" content=\"index, follow, max-snippet:-1, max-image-preview:large, max-video-preview:-1\" \/>\n<link rel=\"canonical\" href=\"https:\/\/ischoolvirtual.com\/es\/nuestro-programa\/homeschool\/\" \/>\n<meta property=\"og:locale\" content=\"es_MX\" \/>\n<meta property=\"og:type\" content=\"article\" \/>\n<meta property=\"og:title\" content=\"Tuition-Free Online Public School | iSchool Virtual Academy\" \/>\n<meta property=\"og:description\" content=\"iSchool offers flexible pacing and tailored online instruction taught by Texas-certified teachers. Enroll your 3 - 12 grade student in our tuition-free program now.\" \/>\n<meta property=\"og:url\" content=\"https:\/\/ischoolvirtual.com\/es\/nuestro-programa\/homeschool\/\" \/>\n<meta property=\"og:site_name\" content=\"iSchool Virtual Academy\" \/>\n<meta property=\"article:modified_time\" content=\"2024-12-19T18:49:03+00:00\" \/>\n<meta property=\"og:image\" content=\"https:\/\/ischoolvirtual.com\/wp-content\/uploads\/2020\/08\/Mission-BG.jpg\" \/>\n\t<meta property=\"og:image:width\" content=\"2250\" \/>\n\t<meta property=\"og:image:height\" content=\"1483\" \/>\n\t<meta property=\"og:image:type\" content=\"image\/jpeg\" \/>\n<meta name=\"twitter:card\" content=\"summary_large_image\" \/>\n<script type=\"application\/ld+json\" class=\"yoast-schema-graph\">{\"@context\":\"https:\/\/schema.org\",\"@graph\":[{\"@type\":\"WebPage\",\"@id\":\"https:\/\/ischoolvirtual.com\/our-program\/homeschool\/\",\"url\":\"https:\/\/ischoolvirtual.com\/our-program\/homeschool\/\",\"name\":\"Better Than Homeschool? Online Public School Option\",\"isPartOf\":{\"@id\":\"https:\/\/ischoolvirtual.com\/#website\"},\"datePublished\":\"2023-08-30T21:01:35+00:00\",\"dateModified\":\"2024-12-19T18:49:03+00:00\",\"description\":\"Looking for a homeschool alternative? iSchool Virtual Academy is a tuition-free Texas online public school with certified teachers and full support.\",\"breadcrumb\":{\"@id\":\"https:\/\/ischoolvirtual.com\/our-program\/homeschool\/#breadcrumb\"},\"inLanguage\":\"es\",\"potentialAction\":[{\"@type\":\"ReadAction\",\"target\":[\"https:\/\/ischoolvirtual.com\/our-program\/homeschool\/\"]}]},{\"@type\":\"BreadcrumbList\",\"@id\":\"https:\/\/ischoolvirtual.com\/our-program\/homeschool\/#breadcrumb\",\"itemListElement\":[{\"@type\":\"ListItem\",\"position\":1,\"name\":\"Home\",\"item\":\"https:\/\/ischoolvirtual.com\/\"},{\"@type\":\"ListItem\",\"position\":2,\"name\":\"Our Program\",\"item\":\"https:\/\/ischoolvirtual.com\/our-program\/\"},{\"@type\":\"ListItem\",\"position\":3,\"name\":\"Homeschool Alternative\"}]},{\"@type\":\"WebSite\",\"@id\":\"https:\/\/ischoolvirtual.com\/#website\",\"url\":\"https:\/\/ischoolvirtual.com\/\",\"name\":\"iSchool Virtual Academy\",\"description\":\"iSchool Virtual Academy - Tuition-Free Texas Online Charter School\",\"publisher\":{\"@id\":\"https:\/\/ischoolvirtual.com\/#organization\"},\"alternateName\":\"iSVA\",\"potentialAction\":[{\"@type\":\"SearchAction\",\"target\":{\"@type\":\"EntryPoint\",\"urlTemplate\":\"https:\/\/ischoolvirtual.com\/?s={search_term_string}\"},\"query-input\":{\"@type\":\"PropertyValueSpecification\",\"valueRequired\":true,\"valueName\":\"search_term_string\"}}],\"inLanguage\":\"es\"},{\"@type\":\"Organization\",\"@id\":\"https:\/\/ischoolvirtual.com\/#organization\",\"name\":\"iSchool Virtual Academy\",\"alternateName\":\"iSVA\",\"url\":\"https:\/\/ischoolvirtual.com\/\",\"logo\":{\"@type\":\"ImageObject\",\"inLanguage\":\"es\",\"@id\":\"https:\/\/ischoolvirtual.com\/#\/schema\/logo\/image\/\",\"url\":\"https:\/\/ischoolvirtual.com\/wp-content\/uploads\/2021\/05\/cropped-isva-favicon.png\",\"contentUrl\":\"https:\/\/ischoolvirtual.com\/wp-content\/uploads\/2021\/05\/cropped-isva-favicon.png\",\"width\":512,\"height\":512,\"caption\":\"iSchool Virtual Academy\"},\"image\":{\"@id\":\"https:\/\/ischoolvirtual.com\/#\/schema\/logo\/image\/\"}}]}<\/script>\n<!-- \/ Yoast SEO plugin. -->","yoast_head_json":{"title":"Better Than Homeschool? Online Public School Option","description":"Looking for a homeschool alternative? iSchool Virtual Academy is a tuition-free Texas online public school with certified teachers and full support.","robots":{"index":"index","follow":"follow","max-snippet":"max-snippet:-1","max-image-preview":"max-image-preview:large","max-video-preview":"max-video-preview:-1"},"canonical":"https:\/\/ischoolvirtual.com\/es\/nuestro-programa\/homeschool\/","og_locale":"es_MX","og_type":"article","og_title":"Tuition-Free Online Public School | iSchool Virtual Academy","og_description":"iSchool offers flexible pacing and tailored online instruction taught by Texas-certified teachers. Enroll your 3 - 12 grade student in our tuition-free program now.","og_url":"https:\/\/ischoolvirtual.com\/es\/nuestro-programa\/homeschool\/","og_site_name":"iSchool Virtual Academy","article_modified_time":"2024-12-19T18:49:03+00:00","og_image":[{"width":2250,"height":1483,"url":"https:\/\/ischoolvirtual.com\/wp-content\/uploads\/2020\/08\/Mission-BG.jpg","type":"image\/jpeg"}],"twitter_card":"summary_large_image","schema":{"@context":"https:\/\/schema.org","@graph":[{"@type":"WebPage","@id":"https:\/\/ischoolvirtual.com\/our-program\/homeschool\/","url":"https:\/\/ischoolvirtual.com\/our-program\/homeschool\/","name":"Better Than Homeschool? Online Public School Option","isPartOf":{"@id":"https:\/\/ischoolvirtual.com\/#website"},"datePublished":"2023-08-30T21:01:35+00:00","dateModified":"2024-12-19T18:49:03+00:00","description":"Looking for a homeschool alternative? iSchool Virtual Academy is a tuition-free Texas online public school with certified teachers and full support.","breadcrumb":{"@id":"https:\/\/ischoolvirtual.com\/our-program\/homeschool\/#breadcrumb"},"inLanguage":"es","potentialAction":[{"@type":"ReadAction","target":["https:\/\/ischoolvirtual.com\/our-program\/homeschool\/"]}]},{"@type":"BreadcrumbList","@id":"https:\/\/ischoolvirtual.com\/our-program\/homeschool\/#breadcrumb","itemListElement":[{"@type":"ListItem","position":1,"name":"Home","item":"https:\/\/ischoolvirtual.com\/"},{"@type":"ListItem","position":2,"name":"Our Program","item":"https:\/\/ischoolvirtual.com\/our-program\/"},{"@type":"ListItem","position":3,"name":"Homeschool Alternative"}]},{"@type":"WebSite","@id":"https:\/\/ischoolvirtual.com\/#website","url":"https:\/\/ischoolvirtual.com\/","name":"Academia Virtual iSchool","description":"iSchool Virtual Academy: escuela aut\u00f3noma en l\u00ednea sin cuota de matr\u00edcula en Texas","publisher":{"@id":"https:\/\/ischoolvirtual.com\/#organization"},"alternateName":"iSVA","potentialAction":[{"@type":"SearchAction","target":{"@type":"EntryPoint","urlTemplate":"https:\/\/ischoolvirtual.com\/?s={search_term_string}"},"query-input":{"@type":"PropertyValueSpecification","valueRequired":true,"valueName":"search_term_string"}}],"inLanguage":"es"},{"@type":"Organization","@id":"https:\/\/ischoolvirtual.com\/#organization","name":"Academia Virtual iSchool","alternateName":"iSVA","url":"https:\/\/ischoolvirtual.com\/","logo":{"@type":"ImageObject","inLanguage":"es","@id":"https:\/\/ischoolvirtual.com\/#\/schema\/logo\/image\/","url":"https:\/\/ischoolvirtual.com\/wp-content\/uploads\/2021\/05\/cropped-isva-favicon.png","contentUrl":"https:\/\/ischoolvirtual.com\/wp-content\/uploads\/2021\/05\/cropped-isva-favicon.png","width":512,"height":512,"caption":"iSchool Virtual Academy"},"image":{"@id":"https:\/\/ischoolvirtual.com\/#\/schema\/logo\/image\/"}}]}},"_links":{"self":[{"href":"https:\/\/ischoolvirtual.com\/es\/wp-json\/wp\/v2\/pages\/2297","targetHints":{"allow":["GET"]}}],"collection":[{"href":"https:\/\/ischoolvirtual.com\/es\/wp-json\/wp\/v2\/pages"}],"about":[{"href":"https:\/\/ischoolvirtual.com\/es\/wp-json\/wp\/v2\/types\/page"}],"author":[{"embeddable":true,"href":"https:\/\/ischoolvirtual.com\/es\/wp-json\/wp\/v2\/users\/8"}],"replies":[{"embeddable":true,"href":"https:\/\/ischoolvirtual.com\/es\/wp-json\/wp\/v2\/comments?post=2297"}],"version-history":[{"count":0,"href":"https:\/\/ischoolvirtual.com\/es\/wp-json\/wp\/v2\/pages\/2297\/revisions"}],"up":[{"embeddable":true,"href":"https:\/\/ischoolvirtual.com\/es\/wp-json\/wp\/v2\/pages\/1940"}],"wp:attachment":[{"href":"https:\/\/ischoolvirtual.com\/es\/wp-json\/wp\/v2\/media?parent=2297"}],"curies":[{"name":"wp","href":"https:\/\/api.w.org\/{rel}","templated":true}]}}