{"id":2303,"date":"2023-08-18T18:57:08","date_gmt":"2023-08-18T18:57:08","guid":{"rendered":"https:\/\/ischoolvirtual.com\/?page_id=2303"},"modified":"2024-12-19T18:34:59","modified_gmt":"2024-12-19T18:34:59","slug":"school-safety","status":"publish","type":"page","link":"https:\/\/ischoolvirtual.com\/es\/our-program\/school-safety\/","title":{"rendered":"Seguridad en la escuela"},"content":{"rendered":"<div id=\"fws_69df4bb324ac0\"  data-column-margin=\"30px\" data-midnight=\"dark\" data-bottom-percent=\"5%\"  class=\"wpb_row vc_row-fluid vc_row full-width-content vc_row-o-equal-height vc_row-flex vc_row-o-content-top  top_margin_-50px right_padding_5pct left_padding_5pct\"  style=\"padding-top: 0px; padding-bottom: calc(100vw * 0.05); \"><div class=\"row-bg-wrap\" data-bg-animation=\"none\" data-bg-animation-delay=\"\" data-bg-overlay=\"false\"><div class=\"inner-wrap row-bg-layer\" ><div class=\"row-bg viewport-desktop\"  style=\"\"><\/div><\/div><\/div><div class=\"row_col_wrap_12 col span_12 dark left\">\n\t<div  class=\"vc_col-sm-12 wpb_column column_container vc_column_container col no-extra-padding inherit_tablet inherit_phone\"  data-padding-pos=\"all\" data-has-bg-color=\"false\" data-bg-color=\"\" data-bg-opacity=\"1\" data-animation=\"\" data-delay=\"0\" >\n\t\t<div class=\"vc_column-inner\" >\n\t\t\t<div class=\"wpb_wrapper\">\n\t\t\t\t<div id=\"fws_69df4bb3255fb\" data-midnight=\"\" data-column-margin=\"default\" class=\"wpb_row vc_row-fluid vc_row inner_row\"  style=\"\"><div class=\"row-bg-wrap\"> <div class=\"row-bg\" ><\/div> <\/div><div class=\"row_col_wrap_12_inner col span_12  left\">\n\t<div style=\"margin-top: 10%; margin-bottom: 30px; \" class=\"vc_col-sm-12 wpb_column column_container vc_column_container col child_column no-extra-padding el_spacing_30px inherit_tablet inherit_phone\"   data-padding-pos=\"all\" data-has-bg-color=\"false\" data-bg-color=\"\" data-bg-opacity=\"1\" data-animation=\"\" data-delay=\"0\" >\n\t\t<div class=\"vc_column-inner\" >\n\t\t<div class=\"wpb_wrapper\">\n\t\t\t<div class=\"nectar-split-heading\" data-align=\"default\" data-m-align=\"inherit\" data-text-effect=\"default\" data-animation-type=\"default\" data-animation-delay=\"0\" data-animation-offset=\"\" data-m-rm-animation=\"\" data-stagger=\"\" data-custom-font-size=\"false\" ><div class=\"heading-line\" > <div><h3 style=\"color: #0da79f\">Seguridad en la escuela<\/h3> <\/div> <\/div><\/div><div class=\"nectar-highlighted-text font_size_4.5vw\" data-style=\"regular_underline\" data-exp=\"default\" data-underline-thickness=\"4px\" data-user-color=\"true\" style=\"color: #272726;\" data-using-custom-color=\"true\" data-animation-delay=\"false\" data-color=\"#0da79f\" data-color-gradient=\"\"><h1><em><span style=\"color: #ff9d00\">Mejor y m\u00e1s seguro <\/span><\/em>Experiencia de aprendizaje<\/h1>\n<\/div>\n<div class=\"wpb_text_column wpb_content_element\" style=\" max-width: 1200px; display: inline-block;\">\n\t<p><span style=\"font-weight: 400;\">La seguridad en las escuelas es una de las principales preocupaciones de todos los padres hoy en d\u00eda, como debe ser. La mayor\u00eda de las escuelas han logrado grandes avances en materia de seguridad en los campus mediante la creaci\u00f3n de un entorno de aprendizaje controlado y seguro.<\/span><\/p>\n<\/div>\n\n\n\n\n\t\t<\/div> \n\t<\/div>\n\t<\/div> \n<\/div><\/div><div id=\"fws_69df4bb3263f3\" data-midnight=\"\" data-column-margin=\"default\" class=\"wpb_row vc_row-fluid vc_row inner_row\"  style=\"\"><div class=\"row-bg-wrap\"> <div class=\"row-bg\" ><\/div> <\/div><div class=\"row_col_wrap_12_inner col span_12  left\">\n\t<div style=\" color: #ffffff;margin-bottom: 30px; \" class=\"vc_col-sm-4 box-button wpb_column column_container vc_column_container col child_column has-animation padding-1-percent inherit_tablet inherit_phone\" data-cfc=\"true\" data-using-bg=\"true\" data-shadow=\"small_depth\" data-border-radius=\"50px\" data-border-animation=\"\" data-border-animation-delay=\"\" data-border-width=\"4px\" data-border-style=\"solid\" data-border-color=\"#ff9d00\" data-padding-pos=\"all\" data-has-bg-color=\"true\" data-bg-color=\"#ff9d00\" data-bg-opacity=\"1\" data-hover-bg=\"#ffffff\" data-hover-bg-opacity=\"1\" data-animation=\"grow-in\" data-delay=\"450\" >\n\t\t<div class=\"vc_column-inner\" style=\"border: 4px solid #ff9d00;\"><a class=\"column-link\" target=\"_self\" href=\"\/es\/inscribir\/\"><\/a><div class=\"column-bg-overlay-wrap column-bg-layer\" data-bg-animation=\"none\"><div class=\"column-bg-overlay\" style=\"opacity: 1; background-color: #ff9d00;\"><\/div><\/div>\n\t\t<div class=\"wpb_wrapper\">\n\t\t\t\n<div class=\"wpb_text_column wpb_content_element\" >\n\t<h4 style=\"text-align: center;\">Hazte estudiante hoy mismo<\/h4>\n<\/div>\n\n\n\n\n\t\t<\/div> \n\t<\/div>\n\t<\/div> \n<\/div><\/div>\n\t\t\t<\/div> \n\t\t<\/div>\n\t<\/div> \n<\/div><\/div>\n\t\t<div id=\"fws_69df4bb3273c0\"  data-column-margin=\"default\" data-midnight=\"dark\"  class=\"wpb_row vc_row-fluid vc_row full-width-content vc_row-o-equal-height vc_row-flex vc_row-o-content-top  right_padding_5pct left_padding_5pct\"  style=\"padding-top: 0px; padding-bottom: 0px; \"><div class=\"row-bg-wrap\" data-bg-animation=\"none\" data-bg-animation-delay=\"\" data-bg-overlay=\"true\"><div class=\"inner-wrap row-bg-layer using-image\" ><div class=\"row-bg viewport-desktop using-image\"  style=\"background-position: center center; background-repeat: no-repeat; \" data-nectar-img-src=\"https:\/\/ischoolvirtual.com\/wp-content\/uploads\/2023\/08\/iStock-1487781129.jpg\"><\/div><\/div><div class=\"row-bg-overlay row-bg-layer\" style=\"background-color:#0da79f;  opacity: 0.95; \"><\/div><\/div><div class=\"row_col_wrap_12 col span_12 dark left\">\n\t<div  class=\"vc_col-sm-12 wpb_column column_container vc_column_container col no-extra-padding inherit_tablet inherit_phone\"  data-padding-pos=\"all\" data-has-bg-color=\"false\" data-bg-color=\"\" data-bg-opacity=\"1\" data-animation=\"\" data-delay=\"0\" >\n\t\t<div class=\"vc_column-inner\" >\n\t\t\t<div class=\"wpb_wrapper\">\n\t\t\t\t<div id=\"fws_69df4bb327afe\" data-midnight=\"\" data-column-margin=\"100px\" class=\"wpb_row vc_row-fluid vc_row inner_row vc_row-o-equal-height vc_row-flex vc_row-o-content-middle right_padding_5pct left_padding_5pct reverse_columns_desktop\"  style=\"padding-top: 5%; padding-bottom: 5%; \"><div class=\"row-bg-wrap\"> <div class=\"row-bg\" ><\/div> <\/div><div class=\"row_col_wrap_12_inner col span_12  left\">\n\t<div style=\" color: #ffffff;\" class=\"vc_col-sm-6 wpb_column column_container vc_column_container col child_column no-extra-padding inherit_tablet inherit_phone\" data-cfc=\"true\"  data-padding-pos=\"all\" data-has-bg-color=\"false\" data-bg-color=\"\" data-bg-opacity=\"1\" data-animation=\"\" data-delay=\"0\" >\n\t\t<div class=\"vc_column-inner\" >\n\t\t<div class=\"wpb_wrapper\">\n\t\t\t<div class=\"nectar-video-box\" data-color=\"default-accent-color\"  data-play-button-size=\"default\" data-border-radius=\"20px\" data-hover=\"defaut\" data-shadow=\"none\"><div class=\"inner-wrap\"><a href=\"https:\/\/vimeo.com\/925184287\" class=\"full-link pp\"><span class=\"screen-reader-text\">Reproducir video<\/span><\/a><img loading=\"lazy\" decoding=\"async\" width=\"2121\" height=\"1414\" src=\"https:\/\/ischoolvirtual.com\/wp-content\/uploads\/2023\/08\/iStock-1487781129.webp\" class=\"attachment-full size-full\" alt=\"Chica de 15 a\u00f1os sentada en la cocina haciendo la tarea.\" srcset=\"https:\/\/ischoolvirtual.com\/wp-content\/uploads\/2023\/08\/iStock-1487781129.webp 2121w, https:\/\/ischoolvirtual.com\/wp-content\/uploads\/2023\/08\/iStock-1487781129-300x200.webp 300w, https:\/\/ischoolvirtual.com\/wp-content\/uploads\/2023\/08\/iStock-1487781129-1024x683.webp 1024w, https:\/\/ischoolvirtual.com\/wp-content\/uploads\/2023\/08\/iStock-1487781129-768x512.webp 768w, https:\/\/ischoolvirtual.com\/wp-content\/uploads\/2023\/08\/iStock-1487781129-1536x1024.webp 1536w, https:\/\/ischoolvirtual.com\/wp-content\/uploads\/2023\/08\/iStock-1487781129-2048x1365.webp 2048w, https:\/\/ischoolvirtual.com\/wp-content\/uploads\/2023\/08\/iStock-1487781129-900x600.webp 900w\" sizes=\"auto, (max-width: 2121px) 100vw, 2121px\" \/><a href=\"https:\/\/vimeo.com\/925184287\"  data-style=\"default\" data-parent-hover=\"\" data-font-style=\"p\" data-color=\"default\" class=\"play_button_2 large nectar_video_lightbox pp\"><span><span class=\"screen-reader-text\">Reproducir video<\/span><span class=\"play\"><span class=\"inner-wrap inner\"><svg role=\"none\" version=\"1.1\"\n\t xmlns=\"http:\/\/www.w3.org\/2000\/svg\" xmlns:xlink=\"http:\/\/www.w3.org\/1999\/xlink\" width=\"600px\" height=\"800px\" x=\"0px\" y=\"0px\" viewbox=\"0 0 600 800\" enable-background=\"new 0 0 600 800\" xml:space=\"preserve\"><path fill=\"none\" d=\"M0-1.79v800L600,395L0-1.79z\"><\/path> <\/svg><\/span><\/span><\/span><\/a><\/div><\/div>\n\t\t<\/div> \n\t<\/div>\n\t<\/div> \n\n\t<div style=\" color: #ffffff;\" class=\"vc_col-sm-6 wpb_column column_container vc_column_container col child_column no-extra-padding inherit_tablet inherit_phone\" data-cfc=\"true\"  data-padding-pos=\"all\" data-has-bg-color=\"false\" data-bg-color=\"\" data-bg-opacity=\"1\" data-animation=\"\" data-delay=\"0\" >\n\t\t<div class=\"vc_column-inner\" >\n\t\t<div class=\"wpb_wrapper\">\n\t\t\t<div class=\"nectar-badge nectar-inherit-h4 nectar-display-block text-color-ffffff padding-amount-medium badge-style-default border-radius-10px\"><div class=\"nectar-badge__inner nectar-bg-extra-color-1\">La seguridad es nuestra m\u00e1xima prioridad.<\/div><\/div><div class=\"nectar-split-heading\" data-align=\"default\" data-m-align=\"inherit\" data-text-effect=\"default\" data-animation-type=\"line-reveal-by-space\" data-animation-delay=\"0\" data-animation-offset=\"\" data-m-rm-animation=\"\" data-stagger=\"\" data-custom-font-size=\"false\" ><h3 style=\" color: #ffffff;\">La mayor\u00eda de las escuelas han logrado grandes avances en materia de seguridad en los campus mediante la creaci\u00f3n de un entorno de aprendizaje controlado y seguro.<\/h3><\/div>\n<div class=\"wpb_text_column wpb_content_element  wpb_animate_when_almost_visible wpb_fadeIn fadeIn\" >\n\t<p><span style=\"font-weight: 400;\">Si bien estas medidas han contribuido sin duda a que las escuelas sean m\u00e1s seguras, los controles de seguridad, los detectores de metales y los guardias armados pueden hacer que la experiencia educativa resulte angustiosa y estresante sin necesidad.<\/span><\/p>\n<p style=\"text-align: left;\"><span style=\"font-weight: 400;\">Afortunadamente, existe una opci\u00f3n mejor: iSchool Virtual Academy of Texas. En iSchool, su estudiante tiene la oportunidad de aprender desde la seguridad y la comodidad de su hogar. No tendr\u00e1 que participar en simulacros de cierre de emergencia que generan mucho estr\u00e9s ni preocuparse por su bienestar cada vez que llega al campus. En cambio, podr\u00e1 enfocarse en su trayectoria acad\u00e9mica y aprender habilidades para toda la vida. <\/span><\/p>\n<\/div>\n\n\n\n\n\t\t<\/div> \n\t<\/div>\n\t<\/div> \n<\/div><\/div>\n\t\t\t<\/div> \n\t\t<\/div>\n\t<\/div> \n<\/div><\/div>\n\t\t<div id=\"fws_69df4bb329b4d\"  data-column-margin=\"50px\" data-midnight=\"dark\"  class=\"wpb_row vc_row-fluid vc_row full-width-content vc_row-o-equal-height vc_row-flex vc_row-o-content-middle  top_margin_5pct bottom_margin_5pct right_padding_5pct left_padding_5pct\"  style=\"padding-top: 0px; padding-bottom: 0px; \"><div class=\"row-bg-wrap\" data-bg-animation=\"none\" data-bg-animation-delay=\"\" data-bg-overlay=\"false\"><div class=\"inner-wrap row-bg-layer\" ><div class=\"row-bg viewport-desktop\"  style=\"\"><\/div><\/div><\/div><div class=\"row_col_wrap_12 col span_12 dark left\">\n\t<div  class=\"vc_col-sm-12 wpb_column column_container vc_column_container col padding-5-percent inherit_tablet inherit_phone\"  data-padding-pos=\"left-right\" data-has-bg-color=\"false\" data-bg-color=\"\" data-bg-opacity=\"1\" data-animation=\"\" data-delay=\"0\" >\n\t\t<div class=\"vc_column-inner\" >\n\t\t\t<div class=\"wpb_wrapper\">\n\t\t\t\t<div id=\"fws_69df4bb32a2c5\" data-midnight=\"\" data-column-margin=\"default\" class=\"wpb_row vc_row-fluid vc_row inner_row\"  style=\"\"><div class=\"row-bg-wrap\"> <div class=\"row-bg\" ><\/div> <\/div><div class=\"row_col_wrap_12_inner col span_12  left\">\n\t<div style=\" color: #ffffff;\" class=\"vc_col-sm-12 wpb_column column_container vc_column_container col child_column has-animation padding-5-percent inherit_tablet inherit_phone\" data-cfc=\"true\" data-using-bg=\"true\" data-shadow=\"medium_depth\" data-border-radius=\"20px\" data-padding-pos=\"all\" data-has-bg-color=\"true\" data-bg-color=\"#ff9d00\" data-bg-opacity=\"1\" data-animation=\"grow-in\" data-delay=\"0\" >\n\t\t<div class=\"vc_column-inner\" ><div class=\"column-bg-overlay-wrap column-bg-layer\" data-bg-animation=\"none\"><div class=\"column-bg-overlay\" style=\"opacity: 1; background-color: #ff9d00;\"><\/div><\/div>\n\t\t<div class=\"wpb_wrapper\">\n\t\t\t<div class=\"nectar-split-heading\" data-align=\"default\" data-m-align=\"inherit\" data-text-effect=\"default\" data-animation-type=\"line-reveal-by-space\" data-animation-delay=\"0\" data-animation-offset=\"\" data-m-rm-animation=\"\" data-stagger=\"\" data-custom-font-size=\"false\" ><h2 style=\" color: #ffffff;\">La opci\u00f3n m\u00e1s segura para su hijo<\/h2><\/div>\n<div class=\"wpb_text_column wpb_content_element  wpb_animate_when_almost_visible wpb_fadeIn fadeIn\" >\n\t<p>iSchool Virtual Academy ofrece itinerarios de aprendizaje totalmente virtuales para estudiantes de 6.\u00ba a 12.\u00ba grado. Como participante en este programa, su estudiante puede iniciar sesi\u00f3n en sus cursos desde la seguridad de su habitaci\u00f3n. Usted puede estar tranquilo mientras su estudiante tiene la oportunidad de participar en cursos estructurados pero personalizados que se adaptan a su estilo de aprendizaje \u00fanico.<\/p>\n<p>Adem\u00e1s de los programas totalmente virtuales, iSchool Virtual Academy tambi\u00e9n ofrece oportunidades de aprendizaje h\u00edbrido. Estos programas consisten principalmente en cursos virtuales, pero tambi\u00e9n incluyen sesiones individuales y en grupos reducidos que brindan a los estudiantes la oportunidad de socializar con sus compa\u00f1eros.<\/p>\n<p>Adem\u00e1s, todas las pruebas estatales obligatorias se realizan en instalaciones seguras para garantizar la m\u00e1xima seguridad. Este enfoque garantiza la seguridad de los estudiantes y el profesorado, al tiempo que permite realizar las pruebas necesarias en un ambiente tranquilo y <a href=\"https:\/\/ischoolvirtual.com\/es\/nuestro-programa\/inclusion\/\"><span style=\"text-decoration: underline;\">ambiente agradable<\/span><\/a>. Nuestro programa acreditado pone la seguridad de sus estudiantes en primer lugar, al tiempo que ofrece la mejor experiencia educativa posible.<\/p>\n<\/div>\n\n\n\n\n\t\t<\/div> \n\t<\/div>\n\t<\/div> \n<\/div><\/div>\n\t\t\t<\/div> \n\t\t<\/div>\n\t<\/div> \n<\/div><\/div>","protected":false},"excerpt":{"rendered":"Seguridad en la escuela: una experiencia de aprendizaje mejor y m\u00e1s segura La seguridad en la escuela es una de las principales preocupaciones de todos los padres hoy en d\u00eda, como debe ser. La mayor\u00eda de las escuelas han logrado grandes avances en...","protected":false},"author":8,"featured_media":0,"parent":1940,"menu_order":0,"comment_status":"closed","ping_status":"closed","template":"","meta":{"content-type":"","footnotes":""},"class_list":["post-2303","page","type-page","status-publish"],"yoast_head":"<!-- This site is optimized with the Yoast SEO plugin v27.2 - https:\/\/yoast.com\/product\/yoast-seo-wordpress\/ -->\n<title>Online School Safety &amp; Student Protection | iSchool Virtual<\/title>\n<meta name=\"description\" content=\"A safe, secure online learning environment with certified teachers, structured schedules, and family support\u2014education from home you can trust.\" \/>\n<meta name=\"robots\" content=\"index, follow, max-snippet:-1, max-image-preview:large, max-video-preview:-1\" \/>\n<link rel=\"canonical\" href=\"https:\/\/ischoolvirtual.com\/es\/nuestro-programa\/school-safety\/\" \/>\n<meta property=\"og:locale\" content=\"es_MX\" \/>\n<meta property=\"og:type\" content=\"article\" \/>\n<meta property=\"og:title\" content=\"Tuition-Free Online Public School | iSchool Virtual Academy\" \/>\n<meta property=\"og:description\" content=\"iSchool offers flexible pacing and tailored online instruction taught by Texas-certified teachers. Enroll your 3 - 12 grade student in our tuition-free program now.\" \/>\n<meta property=\"og:url\" content=\"https:\/\/ischoolvirtual.com\/es\/nuestro-programa\/school-safety\/\" \/>\n<meta property=\"og:site_name\" content=\"iSchool Virtual Academy\" \/>\n<meta property=\"article:modified_time\" content=\"2024-12-19T18:34:59+00:00\" \/>\n<meta property=\"og:image\" content=\"https:\/\/ischoolvirtual.com\/wp-content\/uploads\/2020\/08\/Mission-BG.jpg\" \/>\n\t<meta property=\"og:image:width\" content=\"2250\" \/>\n\t<meta property=\"og:image:height\" content=\"1483\" \/>\n\t<meta property=\"og:image:type\" content=\"image\/jpeg\" \/>\n<meta name=\"twitter:card\" content=\"summary_large_image\" \/>\n<script type=\"application\/ld+json\" class=\"yoast-schema-graph\">{\"@context\":\"https:\/\/schema.org\",\"@graph\":[{\"@type\":\"WebPage\",\"@id\":\"https:\/\/ischoolvirtual.com\/our-program\/school-safety\/\",\"url\":\"https:\/\/ischoolvirtual.com\/our-program\/school-safety\/\",\"name\":\"Online School Safety & Student Protection | iSchool Virtual\",\"isPartOf\":{\"@id\":\"https:\/\/ischoolvirtual.com\/es\/#website\"},\"datePublished\":\"2023-08-18T18:57:08+00:00\",\"dateModified\":\"2024-12-19T18:34:59+00:00\",\"description\":\"A safe, secure online learning environment with certified teachers, structured schedules, and family support\u2014education from home you can trust.\",\"breadcrumb\":{\"@id\":\"https:\/\/ischoolvirtual.com\/our-program\/school-safety\/#breadcrumb\"},\"inLanguage\":\"es\",\"potentialAction\":[{\"@type\":\"ReadAction\",\"target\":[\"https:\/\/ischoolvirtual.com\/our-program\/school-safety\/\"]}]},{\"@type\":\"BreadcrumbList\",\"@id\":\"https:\/\/ischoolvirtual.com\/our-program\/school-safety\/#breadcrumb\",\"itemListElement\":[{\"@type\":\"ListItem\",\"position\":1,\"name\":\"Home\",\"item\":\"https:\/\/ischoolvirtual.com\/\"},{\"@type\":\"ListItem\",\"position\":2,\"name\":\"Our Program\",\"item\":\"https:\/\/ischoolvirtual.com\/our-program\/\"},{\"@type\":\"ListItem\",\"position\":3,\"name\":\"School Safety\"}]},{\"@type\":\"WebSite\",\"@id\":\"https:\/\/ischoolvirtual.com\/es\/#website\",\"url\":\"https:\/\/ischoolvirtual.com\/es\/\",\"name\":\"iSchool Virtual Academy\",\"description\":\"iSchool Virtual Academy - Tuition-Free Texas Online Charter School\",\"publisher\":{\"@id\":\"https:\/\/ischoolvirtual.com\/es\/#organization\"},\"alternateName\":\"iSVA\",\"potentialAction\":[{\"@type\":\"SearchAction\",\"target\":{\"@type\":\"EntryPoint\",\"urlTemplate\":\"https:\/\/ischoolvirtual.com\/es\/?s={search_term_string}\"},\"query-input\":{\"@type\":\"PropertyValueSpecification\",\"valueRequired\":true,\"valueName\":\"search_term_string\"}}],\"inLanguage\":\"es\"},{\"@type\":\"Organization\",\"@id\":\"https:\/\/ischoolvirtual.com\/es\/#organization\",\"name\":\"iSchool Virtual Academy\",\"alternateName\":\"iSVA\",\"url\":\"https:\/\/ischoolvirtual.com\/es\/\",\"logo\":{\"@type\":\"ImageObject\",\"inLanguage\":\"es\",\"@id\":\"https:\/\/ischoolvirtual.com\/es\/#\/schema\/logo\/image\/\",\"url\":\"https:\/\/ischoolvirtual.com\/wp-content\/uploads\/2021\/05\/cropped-isva-favicon.png\",\"contentUrl\":\"https:\/\/ischoolvirtual.com\/wp-content\/uploads\/2021\/05\/cropped-isva-favicon.png\",\"width\":512,\"height\":512,\"caption\":\"iSchool Virtual Academy\"},\"image\":{\"@id\":\"https:\/\/ischoolvirtual.com\/es\/#\/schema\/logo\/image\/\"}}]}<\/script>\n<!-- \/ Yoast SEO plugin. -->","yoast_head_json":{"title":"Online School Safety & Student Protection | iSchool Virtual","description":"A safe, secure online learning environment with certified teachers, structured schedules, and family support\u2014education from home you can trust.","robots":{"index":"index","follow":"follow","max-snippet":"max-snippet:-1","max-image-preview":"max-image-preview:large","max-video-preview":"max-video-preview:-1"},"canonical":"https:\/\/ischoolvirtual.com\/es\/nuestro-programa\/school-safety\/","og_locale":"es_MX","og_type":"article","og_title":"Tuition-Free Online Public School | iSchool Virtual Academy","og_description":"iSchool offers flexible pacing and tailored online instruction taught by Texas-certified teachers. Enroll your 3 - 12 grade student in our tuition-free program now.","og_url":"https:\/\/ischoolvirtual.com\/es\/nuestro-programa\/school-safety\/","og_site_name":"iSchool Virtual Academy","article_modified_time":"2024-12-19T18:34:59+00:00","og_image":[{"width":2250,"height":1483,"url":"https:\/\/ischoolvirtual.com\/wp-content\/uploads\/2020\/08\/Mission-BG.jpg","type":"image\/jpeg"}],"twitter_card":"summary_large_image","schema":{"@context":"https:\/\/schema.org","@graph":[{"@type":"WebPage","@id":"https:\/\/ischoolvirtual.com\/our-program\/school-safety\/","url":"https:\/\/ischoolvirtual.com\/our-program\/school-safety\/","name":"Online School Safety & Student Protection | iSchool Virtual","isPartOf":{"@id":"https:\/\/ischoolvirtual.com\/es\/#website"},"datePublished":"2023-08-18T18:57:08+00:00","dateModified":"2024-12-19T18:34:59+00:00","description":"A safe, secure online learning environment with certified teachers, structured schedules, and family support\u2014education from home you can trust.","breadcrumb":{"@id":"https:\/\/ischoolvirtual.com\/our-program\/school-safety\/#breadcrumb"},"inLanguage":"es","potentialAction":[{"@type":"ReadAction","target":["https:\/\/ischoolvirtual.com\/our-program\/school-safety\/"]}]},{"@type":"BreadcrumbList","@id":"https:\/\/ischoolvirtual.com\/our-program\/school-safety\/#breadcrumb","itemListElement":[{"@type":"ListItem","position":1,"name":"Home","item":"https:\/\/ischoolvirtual.com\/"},{"@type":"ListItem","position":2,"name":"Our Program","item":"https:\/\/ischoolvirtual.com\/our-program\/"},{"@type":"ListItem","position":3,"name":"School Safety"}]},{"@type":"WebSite","@id":"https:\/\/ischoolvirtual.com\/es\/#website","url":"https:\/\/ischoolvirtual.com\/es\/","name":"Academia Virtual iSchool","description":"iSchool Virtual Academy: escuela aut\u00f3noma en l\u00ednea sin cuota de matr\u00edcula en Texas","publisher":{"@id":"https:\/\/ischoolvirtual.com\/es\/#organization"},"alternateName":"iSVA","potentialAction":[{"@type":"SearchAction","target":{"@type":"EntryPoint","urlTemplate":"https:\/\/ischoolvirtual.com\/es\/?s={search_term_string}"},"query-input":{"@type":"PropertyValueSpecification","valueRequired":true,"valueName":"search_term_string"}}],"inLanguage":"es"},{"@type":"Organization","@id":"https:\/\/ischoolvirtual.com\/es\/#organization","name":"Academia Virtual iSchool","alternateName":"iSVA","url":"https:\/\/ischoolvirtual.com\/es\/","logo":{"@type":"ImageObject","inLanguage":"es","@id":"https:\/\/ischoolvirtual.com\/es\/#\/schema\/logo\/image\/","url":"https:\/\/ischoolvirtual.com\/wp-content\/uploads\/2021\/05\/cropped-isva-favicon.png","contentUrl":"https:\/\/ischoolvirtual.com\/wp-content\/uploads\/2021\/05\/cropped-isva-favicon.png","width":512,"height":512,"caption":"iSchool Virtual Academy"},"image":{"@id":"https:\/\/ischoolvirtual.com\/es\/#\/schema\/logo\/image\/"}}]}},"_links":{"self":[{"href":"https:\/\/ischoolvirtual.com\/es\/wp-json\/wp\/v2\/pages\/2303","targetHints":{"allow":["GET"]}}],"collection":[{"href":"https:\/\/ischoolvirtual.com\/es\/wp-json\/wp\/v2\/pages"}],"about":[{"href":"https:\/\/ischoolvirtual.com\/es\/wp-json\/wp\/v2\/types\/page"}],"author":[{"embeddable":true,"href":"https:\/\/ischoolvirtual.com\/es\/wp-json\/wp\/v2\/users\/8"}],"replies":[{"embeddable":true,"href":"https:\/\/ischoolvirtual.com\/es\/wp-json\/wp\/v2\/comments?post=2303"}],"version-history":[{"count":0,"href":"https:\/\/ischoolvirtual.com\/es\/wp-json\/wp\/v2\/pages\/2303\/revisions"}],"up":[{"embeddable":true,"href":"https:\/\/ischoolvirtual.com\/es\/wp-json\/wp\/v2\/pages\/1940"}],"wp:attachment":[{"href":"https:\/\/ischoolvirtual.com\/es\/wp-json\/wp\/v2\/media?parent=2303"}],"curies":[{"name":"wp","href":"https:\/\/api.w.org\/{rel}","templated":true}]}}