{"id":2304,"date":"2023-08-18T18:56:38","date_gmt":"2023-08-18T18:56:38","guid":{"rendered":"https:\/\/ischoolvirtual.com\/?page_id=2304"},"modified":"2024-12-19T18:44:13","modified_gmt":"2024-12-19T18:44:13","slug":"costs","status":"publish","type":"page","link":"https:\/\/ischoolvirtual.com\/es\/our-program\/costs\/","title":{"rendered":"Costos escolares"},"content":{"rendered":"<div id=\"fws_69f1c0bd6a678\"  data-column-margin=\"30px\" data-midnight=\"dark\" data-bottom-percent=\"5%\"  class=\"wpb_row vc_row-fluid vc_row full-width-content vc_row-o-equal-height vc_row-flex vc_row-o-content-top  top_margin_-50px right_padding_5pct left_padding_5pct\"  style=\"padding-top: 0px; padding-bottom: calc(100vw * 0.05); \"><div class=\"row-bg-wrap\" data-bg-animation=\"none\" data-bg-animation-delay=\"\" data-bg-overlay=\"false\"><div class=\"inner-wrap row-bg-layer\" ><div class=\"row-bg viewport-desktop\"  style=\"\"><\/div><\/div><\/div><div class=\"row_col_wrap_12 col span_12 dark left\">\n\t<div  class=\"vc_col-sm-12 wpb_column column_container vc_column_container col no-extra-padding inherit_tablet inherit_phone\"  data-padding-pos=\"all\" data-has-bg-color=\"false\" data-bg-color=\"\" data-bg-opacity=\"1\" data-animation=\"\" data-delay=\"0\" >\n\t\t<div class=\"vc_column-inner\" >\n\t\t\t<div class=\"wpb_wrapper\">\n\t\t\t\t<div id=\"fws_69f1c0bd6be2a\" data-midnight=\"\" data-column-margin=\"default\" class=\"wpb_row vc_row-fluid vc_row inner_row\"  style=\"\"><div class=\"row-bg-wrap\"> <div class=\"row-bg\" ><\/div> <\/div><div class=\"row_col_wrap_12_inner col span_12  left\">\n\t<div style=\"margin-top: 10%; margin-bottom: 30px; \" class=\"vc_col-sm-12 wpb_column column_container vc_column_container col child_column no-extra-padding el_spacing_30px inherit_tablet inherit_phone\"   data-padding-pos=\"all\" data-has-bg-color=\"false\" data-bg-color=\"\" data-bg-opacity=\"1\" data-animation=\"\" data-delay=\"0\" >\n\t\t<div class=\"vc_column-inner\" >\n\t\t<div class=\"wpb_wrapper\">\n\t\t\t<div class=\"nectar-split-heading\" data-align=\"default\" data-m-align=\"inherit\" data-text-effect=\"default\" data-animation-type=\"default\" data-animation-delay=\"0\" data-animation-offset=\"\" data-m-rm-animation=\"\" data-stagger=\"\" data-custom-font-size=\"false\" ><div class=\"heading-line\" > <div><h3 style=\"color: #0da79f\">Costos de la escuela en l\u00ednea<\/h3> <\/div> <\/div><\/div><div class=\"nectar-highlighted-text font_size_4.5vw\" data-style=\"regular_underline\" data-exp=\"default\" data-underline-thickness=\"4px\" data-user-color=\"true\" style=\"color: #272726;\" data-using-custom-color=\"true\" data-animation-delay=\"false\" data-color=\"#0da79f\" data-color-gradient=\"\"><h1>Educaci\u00f3n de calidad que es <em><span style=\"color: #ff9d00\">Totalmente gratis<\/span><\/em><\/h1>\n<\/div>\n<div class=\"wpb_text_column wpb_content_element\" style=\" max-width: 1200px; display: inline-block;\">\n\t<p><span style=\"font-weight: 400;\">Todos los estudiantes merecen una experiencia educativa que se adapte a sus necesidades y estilos de aprendizaje \u00fanicos. Si cree que su hijo prosperar\u00eda en un entorno de aprendizaje en l\u00ednea flexible, pero le preocupan los costos, tenemos buenas noticias.<\/span><\/p>\n<\/div>\n\n\n\n\n\t\t<\/div> \n\t<\/div>\n\t<\/div> \n<\/div><\/div><div id=\"fws_69f1c0bd6c9e0\" data-midnight=\"\" data-column-margin=\"default\" class=\"wpb_row vc_row-fluid vc_row inner_row\"  style=\"\"><div class=\"row-bg-wrap\"> <div class=\"row-bg\" ><\/div> <\/div><div class=\"row_col_wrap_12_inner col span_12  left\">\n\t<div style=\" color: #ffffff;margin-bottom: 30px; \" class=\"vc_col-sm-4 box-button wpb_column column_container vc_column_container col child_column has-animation padding-1-percent inherit_tablet inherit_phone\" data-cfc=\"true\" data-using-bg=\"true\" data-shadow=\"small_depth\" data-border-radius=\"50px\" data-border-animation=\"\" data-border-animation-delay=\"\" data-border-width=\"4px\" data-border-style=\"solid\" data-border-color=\"#ff9d00\" data-padding-pos=\"all\" data-has-bg-color=\"true\" data-bg-color=\"#ff9d00\" data-bg-opacity=\"1\" data-hover-bg=\"#ffffff\" data-hover-bg-opacity=\"1\" data-animation=\"grow-in\" data-delay=\"450\" >\n\t\t<div class=\"vc_column-inner\" style=\"border: 4px solid #ff9d00;\"><a class=\"column-link\" target=\"_self\" href=\"\/es\/inscribir\/\"><\/a><div class=\"column-bg-overlay-wrap column-bg-layer\" data-bg-animation=\"none\"><div class=\"column-bg-overlay\" style=\"opacity: 1; background-color: #ff9d00;\"><\/div><\/div>\n\t\t<div class=\"wpb_wrapper\">\n\t\t\t\n<div class=\"wpb_text_column wpb_content_element\" >\n\t<h4 style=\"text-align: center;\">Hazte estudiante hoy mismo<\/h4>\n<\/div>\n\n\n\n\n\t\t<\/div> \n\t<\/div>\n\t<\/div> \n<\/div><\/div>\n\t\t\t<\/div> \n\t\t<\/div>\n\t<\/div> \n<\/div><\/div>\n\t\t<div id=\"fws_69f1c0bd6d895\"  data-column-margin=\"default\" data-midnight=\"dark\"  class=\"wpb_row vc_row-fluid vc_row full-width-content vc_row-o-equal-height vc_row-flex vc_row-o-content-top  right_padding_5pct left_padding_5pct\"  style=\"padding-top: 0px; padding-bottom: 0px; \"><div class=\"row-bg-wrap\" data-bg-animation=\"none\" data-bg-animation-delay=\"\" data-bg-overlay=\"true\"><div class=\"inner-wrap row-bg-layer using-image\" ><div class=\"row-bg viewport-desktop using-image\"  style=\"background-position: center center; background-repeat: no-repeat; \" data-nectar-img-src=\"https:\/\/ischoolvirtual.com\/wp-content\/uploads\/2023\/08\/iStock-1277628420.jpg\"><\/div><\/div><div class=\"row-bg-overlay row-bg-layer\" style=\"background-color:#0da79f;  opacity: 0.95; \"><\/div><\/div><div class=\"row_col_wrap_12 col span_12 dark left\">\n\t<div  class=\"vc_col-sm-12 wpb_column column_container vc_column_container col no-extra-padding inherit_tablet inherit_phone\"  data-padding-pos=\"all\" data-has-bg-color=\"false\" data-bg-color=\"\" data-bg-opacity=\"1\" data-animation=\"\" data-delay=\"0\" >\n\t\t<div class=\"vc_column-inner\" >\n\t\t\t<div class=\"wpb_wrapper\">\n\t\t\t\t<div id=\"fws_69f1c0bd6dd9a\" data-midnight=\"\" data-column-margin=\"100px\" class=\"wpb_row vc_row-fluid vc_row inner_row vc_row-o-equal-height vc_row-flex vc_row-o-content-middle right_padding_5pct left_padding_5pct reverse_columns_desktop\"  style=\"padding-top: 5%; padding-bottom: 5%; \"><div class=\"row-bg-wrap\"> <div class=\"row-bg\" ><\/div> <\/div><div class=\"row_col_wrap_12_inner col span_12  left\">\n\t<div style=\" color: #ffffff;\" class=\"vc_col-sm-6 wpb_column column_container vc_column_container col child_column no-extra-padding inherit_tablet inherit_phone\" data-cfc=\"true\"  data-padding-pos=\"all\" data-has-bg-color=\"false\" data-bg-color=\"\" data-bg-opacity=\"1\" data-animation=\"\" data-delay=\"0\" >\n\t\t<div class=\"vc_column-inner\" >\n\t\t<div class=\"wpb_wrapper\">\n\t\t\t<div class=\"img-with-aniamtion-wrap center custom-size\" data-max-width=\"100%\" data-max-width-mobile=\"default\" data-border-radius=\"20px\" data-shadow=\"none\" data-animation=\"fade-in\" >\n      <div class=\"inner\">\n        <div class=\"hover-wrap\"> \n          <div class=\"hover-wrap-inner\">\n            <img loading=\"lazy\" decoding=\"async\" class=\"img-with-animation skip-lazy nectar-lazy\" data-delay=\"0\" height=\"604\" width=\"900\" data-animation=\"fade-in\" data-nectar-img-src=\"https:\/\/ischoolvirtual.com\/wp-content\/uploads\/2023\/08\/iStock-1277628420-900x604.jpg\" src=\"data:image\/svg+xml;charset=utf-8,%3Csvg%20xmlns%3D'http%3A%2F%2Fwww.w3.org%2F2000%2Fsvg'%20viewBox%3D'0%200%20900%20604'%2F%3E\" alt=\"Adolescente levantando el pulgar\" data-nectar-img-srcset=\"https:\/\/ischoolvirtual.com\/wp-content\/uploads\/2023\/08\/iStock-1277628420-900x604.jpg 900w, https:\/\/ischoolvirtual.com\/wp-content\/uploads\/2023\/08\/iStock-1277628420-300x200.jpg 300w, https:\/\/ischoolvirtual.com\/wp-content\/uploads\/2023\/08\/iStock-1277628420-600x403.jpg 600w, https:\/\/ischoolvirtual.com\/wp-content\/uploads\/2023\/08\/iStock-1277628420-400x269.jpg 400w\" sizes=\"auto, (max-width: 900px) 100vw, 900px\" \/>\n          <\/div>\n        <\/div>\n        \n      <\/div>\n    <\/div>\n\t\t<\/div> \n\t<\/div>\n\t<\/div> \n\n\t<div style=\" color: #ffffff;\" class=\"vc_col-sm-6 wpb_column column_container vc_column_container col child_column no-extra-padding inherit_tablet inherit_phone\" data-cfc=\"true\"  data-padding-pos=\"all\" data-has-bg-color=\"false\" data-bg-color=\"\" data-bg-opacity=\"1\" data-animation=\"\" data-delay=\"0\" >\n\t\t<div class=\"vc_column-inner\" >\n\t\t<div class=\"wpb_wrapper\">\n\t\t\t<div class=\"nectar-badge nectar-inherit-h4 nectar-display-block text-color-ffffff padding-amount-medium badge-style-default border-radius-10px\"><div class=\"nectar-badge__inner nectar-bg-extra-color-1\">Costos en l\u00ednea de la escuela virtual<\/div><\/div><div class=\"nectar-split-heading\" data-align=\"default\" data-m-align=\"inherit\" data-text-effect=\"default\" data-animation-type=\"line-reveal-by-space\" data-animation-delay=\"0\" data-animation-offset=\"\" data-m-rm-animation=\"\" data-stagger=\"\" data-custom-font-size=\"false\" ><h3 style=\" color: #ffffff;\">La Academia Virtual iSchool de Texas es totalmente gratuita. As\u00ed es, puede inscribir a su hijo sin costo alguno, sin pagar matr\u00edcula y sin gastar en uniformes.<\/h3><\/div>\n<div class=\"wpb_text_column wpb_content_element  wpb_animate_when_almost_visible wpb_fadeIn fadeIn\" >\n\t<p><span style=\"font-weight: 400;\">Todo lo que necesita es una conexi\u00f3n a Internet y un dispositivo electr\u00f3nico confiable para que su estudiante lo use, como una computadora port\u00e1til o una tableta.<\/span><\/p>\n<p><span style=\"font-weight: 400;\">Dependiendo de los cursos en los que est\u00e9 inscrito su estudiante, es posible que usted deba proporcionar algunos materiales, como materiales de arte, materiales de laboratorio u otros materiales adicionales. Sin embargo, nos esforzamos por mantener los costos al m\u00ednimo y le avisaremos con suficiente antelaci\u00f3n si una clase requiere que compre alg\u00fan material.<\/span><\/p>\n<\/div>\n\n\n\n\n\t\t<\/div> \n\t<\/div>\n\t<\/div> \n<\/div><\/div>\n\t\t\t<\/div> \n\t\t<\/div>\n\t<\/div> \n<\/div><\/div>\n\t\t<div id=\"fws_69f1c0bd6f7cb\"  data-column-margin=\"50px\" data-midnight=\"dark\" data-top-percent=\"5%\" data-bottom-percent=\"5%\"  class=\"wpb_row vc_row-fluid vc_row full-width-content vc_row-o-equal-height vc_row-flex vc_row-o-content-middle  right_padding_5pct left_padding_5pct reverse_columns_desktop\"  style=\"padding-top: calc(100vw * 0.05); padding-bottom: calc(100vw * 0.05); \"><div class=\"row-bg-wrap\" data-bg-animation=\"none\" data-bg-animation-delay=\"\" data-bg-overlay=\"false\"><div class=\"inner-wrap row-bg-layer\" ><div class=\"row-bg viewport-desktop\"  style=\"\"><\/div><\/div><\/div><div class=\"row_col_wrap_12 col span_12 dark left\">\n\t<div style=\" color: #ffffff;\" class=\"vc_col-sm-12 wpb_column column_container vc_column_container col has-animation padding-5-percent inherit_tablet inherit_phone\" data-cfc=\"true\" data-using-bg=\"true\" data-border-radius=\"20px\" data-shadow=\"medium_depth\" data-padding-pos=\"all\" data-has-bg-color=\"true\" data-bg-color=\"#ff9d00\" data-bg-opacity=\"1\" data-animation=\"grow-in\" data-delay=\"0\" >\n\t\t<div class=\"vc_column-inner\" ><div class=\"column-bg-overlay-wrap column-bg-layer\" data-bg-animation=\"none\"><div class=\"column-bg-overlay\" style=\"opacity: 1; background-color: #ff9d00;\"><\/div><\/div>\n\t\t\t<div class=\"wpb_wrapper\">\n\t\t\t\t<div id=\"fws_69f1c0bd6fd9c\" data-midnight=\"\" data-column-margin=\"100px\" class=\"wpb_row vc_row-fluid vc_row inner_row vc_row-o-equal-height vc_row-flex vc_row-o-content-middle\"  style=\"\"><div class=\"row-bg-wrap\"> <div class=\"row-bg\" ><\/div> <\/div><div class=\"row_col_wrap_12_inner col span_12  left\">\n\t<div  class=\"vc_col-sm-6 wpb_column column_container vc_column_container col child_column no-extra-padding inherit_tablet inherit_phone\"   data-padding-pos=\"all\" data-has-bg-color=\"false\" data-bg-color=\"\" data-bg-opacity=\"1\" data-animation=\"\" data-delay=\"0\" >\n\t\t<div class=\"vc_column-inner\" >\n\t\t<div class=\"wpb_wrapper\">\n\t\t\t<div class=\"nectar-split-heading\" data-align=\"default\" data-m-align=\"inherit\" data-text-effect=\"default\" data-animation-type=\"line-reveal-by-space\" data-animation-delay=\"0\" data-animation-offset=\"\" data-m-rm-animation=\"\" data-stagger=\"\" data-custom-font-size=\"false\" ><h2 style=\" color: #ffffff;\">\u00bfLa Academia Virtual iSchool es realmente gratuita?<\/h2><\/div>\n\t\t<\/div> \n\t<\/div>\n\t<\/div> \n\n\t<div  class=\"vc_col-sm-6 wpb_column column_container vc_column_container col child_column no-extra-padding inherit_tablet inherit_phone\"   data-padding-pos=\"all\" data-has-bg-color=\"false\" data-bg-color=\"\" data-bg-opacity=\"1\" data-animation=\"\" data-delay=\"0\" >\n\t\t<div class=\"vc_column-inner\" >\n\t\t<div class=\"wpb_wrapper\">\n\t\t\t\n<div class=\"wpb_text_column wpb_content_element  wpb_animate_when_almost_visible wpb_fadeIn fadeIn\" >\n\t<h3 style=\"padding-bottom: 20px;\">S\u00ed, iSchool Virtual Academy es realmente una escuela sin cuotas de matr\u00edcula. Somos una escuela aut\u00f3noma en l\u00ednea con un programa de admisi\u00f3n abierta.<\/h3>\n<p><span style=\"font-weight: 400;\">Como escuela aut\u00f3noma, iSchool Virtual Academy se gestiona de forma independiente, pero est\u00e1 financiada por el estado. La admisi\u00f3n abierta significa que cualquier persona que presente una solicitud tiene la oportunidad de ser aceptada. No tenemos un proceso de admisi\u00f3n competitivo. Si tenemos una vacante y usted presenta una solicitud, su hijo ser\u00e1 aceptado si cumple con los requisitos. <a href=\"https:\/\/ischoolvirtual.com\/es\/quienes-somos\/escuela-autonoma\/\"><span style=\"text-decoration: underline;\">nuestros criterios<\/span><\/a>.<\/span><\/p>\n<\/div>\n\n\n\n\n\t\t<\/div> \n\t<\/div>\n\t<\/div> \n<\/div><\/div>\n\t\t\t<\/div> \n\t\t<\/div>\n\t<\/div> \n<\/div><\/div>","protected":false},"excerpt":{"rendered":"La escuela en l\u00ednea ofrece una educaci\u00f3n de calidad totalmente gratuita. Todos los estudiantes merecen una experiencia educativa que se adapte a sus necesidades y estilos de aprendizaje \u00fanicos. Si cree que su...","protected":false},"author":8,"featured_media":0,"parent":1940,"menu_order":0,"comment_status":"closed","ping_status":"closed","template":"","meta":{"content-type":"","footnotes":""},"class_list":["post-2304","page","type-page","status-publish"],"yoast_head":"<!-- This site is optimized with the Yoast SEO plugin v27.4 - https:\/\/yoast.com\/product\/yoast-seo-wordpress\/ -->\n<title>Tuition-Free Online School | Costs &amp; What\u2019s Included<\/title>\n<meta name=\"description\" content=\"iSchool Virtual Academy is tuition-free for Texas families. Learn about school costs, materials, and what\u2019s included with online public education.\" \/>\n<meta name=\"robots\" content=\"index, follow, max-snippet:-1, max-image-preview:large, max-video-preview:-1\" \/>\n<link rel=\"canonical\" href=\"https:\/\/ischoolvirtual.com\/es\/nuestro-programa\/costs\/\" \/>\n<meta property=\"og:locale\" content=\"es_MX\" \/>\n<meta property=\"og:type\" content=\"article\" \/>\n<meta property=\"og:title\" content=\"Tuition-Free Online Public School | iSchool Virtual Academy\" \/>\n<meta property=\"og:description\" content=\"iSchool offers flexible pacing and tailored online instruction taught by Texas-certified teachers. Enroll your 3 - 12 grade student in our tuition-free program now.\" \/>\n<meta property=\"og:url\" content=\"https:\/\/ischoolvirtual.com\/es\/nuestro-programa\/costs\/\" \/>\n<meta property=\"og:site_name\" content=\"iSchool Virtual Academy\" \/>\n<meta property=\"article:modified_time\" content=\"2024-12-19T18:44:13+00:00\" \/>\n<meta property=\"og:image\" content=\"https:\/\/ischoolvirtual.com\/wp-content\/uploads\/2020\/08\/Mission-BG.jpg\" \/>\n\t<meta property=\"og:image:width\" content=\"2250\" \/>\n\t<meta property=\"og:image:height\" content=\"1483\" \/>\n\t<meta property=\"og:image:type\" content=\"image\/jpeg\" \/>\n<meta name=\"twitter:card\" content=\"summary_large_image\" \/>\n<script type=\"application\/ld+json\" class=\"yoast-schema-graph\">{\"@context\":\"https:\\\/\\\/schema.org\",\"@graph\":[{\"@type\":\"WebPage\",\"@id\":\"https:\\\/\\\/ischoolvirtual.com\\\/our-program\\\/costs\\\/\",\"url\":\"https:\\\/\\\/ischoolvirtual.com\\\/our-program\\\/costs\\\/\",\"name\":\"Tuition-Free Online School | Costs & What\u2019s Included\",\"isPartOf\":{\"@id\":\"https:\\\/\\\/ischoolvirtual.com\\\/es\\\/#website\"},\"datePublished\":\"2023-08-18T18:56:38+00:00\",\"dateModified\":\"2024-12-19T18:44:13+00:00\",\"description\":\"iSchool Virtual Academy is tuition-free for Texas families. Learn about school costs, materials, and what\u2019s included with online public education.\",\"breadcrumb\":{\"@id\":\"https:\\\/\\\/ischoolvirtual.com\\\/our-program\\\/costs\\\/#breadcrumb\"},\"inLanguage\":\"es\",\"potentialAction\":[{\"@type\":\"ReadAction\",\"target\":[\"https:\\\/\\\/ischoolvirtual.com\\\/our-program\\\/costs\\\/\"]}]},{\"@type\":\"BreadcrumbList\",\"@id\":\"https:\\\/\\\/ischoolvirtual.com\\\/our-program\\\/costs\\\/#breadcrumb\",\"itemListElement\":[{\"@type\":\"ListItem\",\"position\":1,\"name\":\"Home\",\"item\":\"https:\\\/\\\/ischoolvirtual.com\\\/\"},{\"@type\":\"ListItem\",\"position\":2,\"name\":\"Our Program\",\"item\":\"https:\\\/\\\/ischoolvirtual.com\\\/our-program\\\/\"},{\"@type\":\"ListItem\",\"position\":3,\"name\":\"School Costs\"}]},{\"@type\":\"WebSite\",\"@id\":\"https:\\\/\\\/ischoolvirtual.com\\\/es\\\/#website\",\"url\":\"https:\\\/\\\/ischoolvirtual.com\\\/es\\\/\",\"name\":\"iSchool Virtual Academy\",\"description\":\"iSchool Virtual Academy - Tuition-Free Texas Online Charter School\",\"publisher\":{\"@id\":\"https:\\\/\\\/ischoolvirtual.com\\\/es\\\/#organization\"},\"alternateName\":\"iSVA\",\"potentialAction\":[{\"@type\":\"SearchAction\",\"target\":{\"@type\":\"EntryPoint\",\"urlTemplate\":\"https:\\\/\\\/ischoolvirtual.com\\\/es\\\/?s={search_term_string}\"},\"query-input\":{\"@type\":\"PropertyValueSpecification\",\"valueRequired\":true,\"valueName\":\"search_term_string\"}}],\"inLanguage\":\"es\"},{\"@type\":\"Organization\",\"@id\":\"https:\\\/\\\/ischoolvirtual.com\\\/es\\\/#organization\",\"name\":\"iSchool Virtual Academy\",\"alternateName\":\"iSVA\",\"url\":\"https:\\\/\\\/ischoolvirtual.com\\\/es\\\/\",\"logo\":{\"@type\":\"ImageObject\",\"inLanguage\":\"es\",\"@id\":\"https:\\\/\\\/ischoolvirtual.com\\\/es\\\/#\\\/schema\\\/logo\\\/image\\\/\",\"url\":\"https:\\\/\\\/ischoolvirtual.com\\\/wp-content\\\/uploads\\\/2021\\\/05\\\/cropped-isva-favicon.png\",\"contentUrl\":\"https:\\\/\\\/ischoolvirtual.com\\\/wp-content\\\/uploads\\\/2021\\\/05\\\/cropped-isva-favicon.png\",\"width\":512,\"height\":512,\"caption\":\"iSchool Virtual Academy\"},\"image\":{\"@id\":\"https:\\\/\\\/ischoolvirtual.com\\\/es\\\/#\\\/schema\\\/logo\\\/image\\\/\"}}]}<\/script>\n<!-- \/ Yoast SEO plugin. -->","yoast_head_json":{"title":"Tuition-Free Online School | Costs & What\u2019s Included","description":"iSchool Virtual Academy is tuition-free for Texas families. Learn about school costs, materials, and what\u2019s included with online public education.","robots":{"index":"index","follow":"follow","max-snippet":"max-snippet:-1","max-image-preview":"max-image-preview:large","max-video-preview":"max-video-preview:-1"},"canonical":"https:\/\/ischoolvirtual.com\/es\/nuestro-programa\/costs\/","og_locale":"es_MX","og_type":"article","og_title":"Tuition-Free Online Public School | iSchool Virtual Academy","og_description":"iSchool offers flexible pacing and tailored online instruction taught by Texas-certified teachers. Enroll your 3 - 12 grade student in our tuition-free program now.","og_url":"https:\/\/ischoolvirtual.com\/es\/nuestro-programa\/costs\/","og_site_name":"iSchool Virtual Academy","article_modified_time":"2024-12-19T18:44:13+00:00","og_image":[{"width":2250,"height":1483,"url":"https:\/\/ischoolvirtual.com\/wp-content\/uploads\/2020\/08\/Mission-BG.jpg","type":"image\/jpeg"}],"twitter_card":"summary_large_image","schema":{"@context":"https:\/\/schema.org","@graph":[{"@type":"WebPage","@id":"https:\/\/ischoolvirtual.com\/our-program\/costs\/","url":"https:\/\/ischoolvirtual.com\/our-program\/costs\/","name":"Tuition-Free Online School | Costs & What\u2019s Included","isPartOf":{"@id":"https:\/\/ischoolvirtual.com\/es\/#website"},"datePublished":"2023-08-18T18:56:38+00:00","dateModified":"2024-12-19T18:44:13+00:00","description":"iSchool Virtual Academy is tuition-free for Texas families. Learn about school costs, materials, and what\u2019s included with online public education.","breadcrumb":{"@id":"https:\/\/ischoolvirtual.com\/our-program\/costs\/#breadcrumb"},"inLanguage":"es","potentialAction":[{"@type":"ReadAction","target":["https:\/\/ischoolvirtual.com\/our-program\/costs\/"]}]},{"@type":"BreadcrumbList","@id":"https:\/\/ischoolvirtual.com\/our-program\/costs\/#breadcrumb","itemListElement":[{"@type":"ListItem","position":1,"name":"Home","item":"https:\/\/ischoolvirtual.com\/"},{"@type":"ListItem","position":2,"name":"Our Program","item":"https:\/\/ischoolvirtual.com\/our-program\/"},{"@type":"ListItem","position":3,"name":"School Costs"}]},{"@type":"WebSite","@id":"https:\/\/ischoolvirtual.com\/es\/#website","url":"https:\/\/ischoolvirtual.com\/es\/","name":"Academia Virtual iSchool","description":"iSchool Virtual Academy: escuela aut\u00f3noma en l\u00ednea sin cuota de matr\u00edcula en Texas","publisher":{"@id":"https:\/\/ischoolvirtual.com\/es\/#organization"},"alternateName":"iSVA","potentialAction":[{"@type":"SearchAction","target":{"@type":"EntryPoint","urlTemplate":"https:\/\/ischoolvirtual.com\/es\/?s={search_term_string}"},"query-input":{"@type":"PropertyValueSpecification","valueRequired":true,"valueName":"search_term_string"}}],"inLanguage":"es"},{"@type":"Organization","@id":"https:\/\/ischoolvirtual.com\/es\/#organization","name":"Academia Virtual iSchool","alternateName":"iSVA","url":"https:\/\/ischoolvirtual.com\/es\/","logo":{"@type":"ImageObject","inLanguage":"es","@id":"https:\/\/ischoolvirtual.com\/es\/#\/schema\/logo\/image\/","url":"https:\/\/ischoolvirtual.com\/wp-content\/uploads\/2021\/05\/cropped-isva-favicon.png","contentUrl":"https:\/\/ischoolvirtual.com\/wp-content\/uploads\/2021\/05\/cropped-isva-favicon.png","width":512,"height":512,"caption":"iSchool Virtual Academy"},"image":{"@id":"https:\/\/ischoolvirtual.com\/es\/#\/schema\/logo\/image\/"}}]}},"_links":{"self":[{"href":"https:\/\/ischoolvirtual.com\/es\/wp-json\/wp\/v2\/pages\/2304","targetHints":{"allow":["GET"]}}],"collection":[{"href":"https:\/\/ischoolvirtual.com\/es\/wp-json\/wp\/v2\/pages"}],"about":[{"href":"https:\/\/ischoolvirtual.com\/es\/wp-json\/wp\/v2\/types\/page"}],"author":[{"embeddable":true,"href":"https:\/\/ischoolvirtual.com\/es\/wp-json\/wp\/v2\/users\/8"}],"replies":[{"embeddable":true,"href":"https:\/\/ischoolvirtual.com\/es\/wp-json\/wp\/v2\/comments?post=2304"}],"version-history":[{"count":0,"href":"https:\/\/ischoolvirtual.com\/es\/wp-json\/wp\/v2\/pages\/2304\/revisions"}],"up":[{"embeddable":true,"href":"https:\/\/ischoolvirtual.com\/es\/wp-json\/wp\/v2\/pages\/1940"}],"wp:attachment":[{"href":"https:\/\/ischoolvirtual.com\/es\/wp-json\/wp\/v2\/media?parent=2304"}],"curies":[{"name":"wp","href":"https:\/\/api.w.org\/{rel}","templated":true}]}}