{"id":2670,"date":"2025-06-07T14:00:41","date_gmt":"2025-06-07T19:00:41","guid":{"rendered":"https:\/\/ischoolvirtual.com\/?page_id=2670"},"modified":"2025-06-09T15:26:12","modified_gmt":"2025-06-09T20:26:12","slug":"live","status":"publish","type":"page","link":"https:\/\/ischoolvirtual.com\/es\/graduation\/live\/","title":{"rendered":"EN VIVO"},"content":{"rendered":"<div id=\"fws_69e34c6fd1023\"  data-column-margin=\"default\" data-midnight=\"dark\"  class=\"wpb_row vc_row-fluid vc_row vc_row-o-full-height vc_row-o-columns-middle vc_row-o-equal-height vc_row-flex  top_margin_50px bottom_margin_50px\"  style=\"padding-top: 0px; padding-bottom: 0px; \"><div class=\"row-bg-wrap\" data-bg-animation=\"none\" data-bg-animation-delay=\"\" data-bg-overlay=\"false\"><div class=\"inner-wrap row-bg-layer\" ><div class=\"row-bg viewport-desktop\"  style=\"\"><\/div><\/div><\/div><div class=\"row_col_wrap_12 col span_12 dark left\">\n\t<div  class=\"vc_col-sm-3 wpb_column column_container vc_column_container col no-extra-padding inherit_tablet inherit_phone\"  data-padding-pos=\"all\" data-has-bg-color=\"false\" data-bg-color=\"\" data-bg-opacity=\"1\" data-animation=\"\" data-delay=\"0\" >\n\t\t<div class=\"vc_column-inner\" >\n\t\t\t<div class=\"wpb_wrapper\">\n\t\t\t\t\n\t\t\t<\/div> \n\t\t<\/div>\n\t<\/div> \n\n\t<div  class=\"vc_col-sm-6 wpb_column column_container vc_column_container col centered-text no-extra-padding inherit_tablet inherit_phone\"  data-padding-pos=\"all\" data-has-bg-color=\"false\" data-bg-color=\"\" data-bg-opacity=\"1\" data-animation=\"\" data-delay=\"0\" >\n\t\t<div class=\"vc_column-inner\" >\n\t\t\t<div class=\"wpb_wrapper\">\n\t\t\t\t\n<div class=\"wpb_text_column wpb_content_element\" >\n\t<h2>Graduaci\u00f3n 2025<\/h2>\n<p>EN VIVO<\/p>\n<\/div>\n\n\n\n<div id=\"fws_69e34c6fd1834\" data-midnight=\"\" data-column-margin=\"default\" class=\"wpb_row vc_row-fluid vc_row inner_row\"  style=\"\"><div class=\"row-bg-wrap\"> <div class=\"row-bg\" ><\/div> <\/div><div class=\"row_col_wrap_12_inner col span_12  left\">\n\t<div style=\"margin-top: 35px; \" class=\"vc_col-sm-12 wpb_column column_container vc_column_container col child_column no-extra-padding inherit_tablet inherit_phone\"   data-shadow=\"medium_depth\" data-padding-pos=\"all\" data-has-bg-color=\"false\" data-bg-color=\"\" data-bg-opacity=\"1\" data-animation=\"\" data-delay=\"0\" >\n\t\t<div class=\"vc_column-inner\" ><div class=\"column-bg-overlay-wrap column-bg-layer\" data-bg-animation=\"none\"><div class=\"column-bg-overlay\"><\/div><\/div>\n\t\t<div class=\"wpb_wrapper\">\n\t\t\t\n\t<div class=\"wpb_video_widget wpb_content_element vc_clearfix   vc_video-aspect-ratio-169 vc_video-el-width-100 vc_video-align-center\" >\n\t\t<div class=\"wpb_wrapper\">\n\t\t\t\n\t\t\t<div class=\"wpb_video_wrapper\"><iframe loading=\"lazy\" title=\"Graduaci\u00f3n de iSVA 2025 | Ceremonia completa\" src=\"https:\/\/player.vimeo.com\/video\/1091916464?h=4345d02020&amp;dnt=1&amp;app_id=122963\" width=\"500\" height=\"281\" frameborder=\"0\" allow=\"autoplay; fullscreen; picture-in-picture; clipboard-write; encrypted-media\"><\/iframe><\/div>\n\t\t<\/div>\n\t<\/div>\n\n\t\t<\/div> \n\t<\/div>\n\t<\/div> \n<\/div><\/div><div id=\"fws_69e34c6fd27d8\" data-midnight=\"\" data-column-margin=\"default\" class=\"wpb_row vc_row-fluid vc_row inner_row\"  style=\"\"><div class=\"row-bg-wrap\"> <div class=\"row-bg\" ><\/div> <\/div><div class=\"row_col_wrap_12_inner col span_12  left\">\n\t<div style=\"margin-top: 35px; \" class=\"vc_col-sm-12 wpb_column column_container vc_column_container col child_column no-extra-padding inherit_tablet inherit_phone\"   data-padding-pos=\"all\" data-has-bg-color=\"false\" data-bg-color=\"\" data-bg-opacity=\"1\" data-animation=\"\" data-delay=\"0\" >\n\t\t<div class=\"vc_column-inner\" >\n\t\t<div class=\"wpb_wrapper\">\n\t\t\t\n<div class=\"wpb_text_column wpb_content_element\" >\n\t<p><a href=\"https:\/\/vimeo.com\/1091916464\/4345d02020?share=copy\">Haga clic aqu\u00ed si tiene alguna dificultad para ver la transmisi\u00f3n.<\/a><\/p>\n<\/div>\n\n\n\n\n\t\t<\/div> \n\t<\/div>\n\t<\/div> \n<\/div><\/div><a class=\"nectar-button large regular accent-color  regular-button\"  role=\"button\" style=\"\"  href=\"\/es\/graduacion\/\" data-color-override=\"false\" data-hover-color-override=\"false\" data-hover-text-color-override=\"#fff\"><span>Atr\u00e1s<\/span><\/a>\n\t\t\t<\/div> \n\t\t<\/div>\n\t<\/div> \n\n\t<div  class=\"vc_col-sm-3 wpb_column column_container vc_column_container col no-extra-padding inherit_tablet inherit_phone\"  data-padding-pos=\"all\" data-has-bg-color=\"false\" data-bg-color=\"\" data-bg-opacity=\"1\" data-animation=\"\" data-delay=\"0\" >\n\t\t<div class=\"vc_column-inner\" >\n\t\t\t<div class=\"wpb_wrapper\">\n\t\t\t\t\n\t\t\t<\/div> \n\t\t<\/div>\n\t<\/div> \n<\/div><\/div>","protected":false},"excerpt":{"rendered":"Graduaci\u00f3n 2025 EN VIVO Haga clic aqu\u00ed si tiene alguna dificultad para ver la transmisi\u00f3n. Atr\u00e1s","protected":false},"author":8,"featured_media":0,"parent":2213,"menu_order":0,"comment_status":"closed","ping_status":"closed","template":"template-no-header-footer.php","meta":{"content-type":"","footnotes":""},"class_list":["post-2670","page","type-page","status-publish"],"yoast_head":"<!-- This site is optimized with the Yoast SEO plugin v27.2 - https:\/\/yoast.com\/product\/yoast-seo-wordpress\/ -->\n<title>Live Graduation Stream | iSchool Virtual Academy<\/title>\n<meta name=\"description\" content=\"Watch the iSchool Virtual Academy graduation ceremony live and celebrate the achievements of our Texas online high school students.\" \/>\n<meta name=\"robots\" content=\"index, follow, max-snippet:-1, max-image-preview:large, max-video-preview:-1\" \/>\n<link rel=\"canonical\" href=\"https:\/\/ischoolvirtual.com\/es\/graduacion\/live\/\" \/>\n<meta property=\"og:locale\" content=\"es_MX\" \/>\n<meta property=\"og:type\" content=\"article\" \/>\n<meta property=\"og:title\" content=\"Live Graduation Stream | iSchool Virtual Academy\" \/>\n<meta property=\"og:description\" content=\"Watch the iSchool Virtual Academy graduation ceremony live and celebrate the achievements of our Texas online high school students.\" \/>\n<meta property=\"og:url\" content=\"https:\/\/ischoolvirtual.com\/es\/graduacion\/live\/\" \/>\n<meta property=\"og:site_name\" content=\"iSchool Virtual Academy\" \/>\n<meta property=\"article:modified_time\" content=\"2025-06-09T20:26:12+00:00\" \/>\n<meta property=\"og:image\" content=\"https:\/\/ischoolvirtual.com\/wp-content\/uploads\/2020\/08\/mission-and-philosophy-bg.webp\" \/>\n\t<meta property=\"og:image:width\" content=\"2000\" \/>\n\t<meta property=\"og:image:height\" content=\"1174\" \/>\n\t<meta property=\"og:image:type\" content=\"image\/webp\" \/>\n<meta name=\"twitter:card\" content=\"summary_large_image\" \/>\n<script type=\"application\/ld+json\" class=\"yoast-schema-graph\">{\"@context\":\"https:\/\/schema.org\",\"@graph\":[{\"@type\":\"WebPage\",\"@id\":\"https:\/\/ischoolvirtual.com\/graduation\/live\/\",\"url\":\"https:\/\/ischoolvirtual.com\/graduation\/live\/\",\"name\":\"Live Graduation Stream | iSchool Virtual Academy\",\"isPartOf\":{\"@id\":\"https:\/\/ischoolvirtual.com\/#website\"},\"datePublished\":\"2025-06-07T19:00:41+00:00\",\"dateModified\":\"2025-06-09T20:26:12+00:00\",\"description\":\"Watch the iSchool Virtual Academy graduation ceremony live and celebrate the achievements of our Texas online high school students.\",\"breadcrumb\":{\"@id\":\"https:\/\/ischoolvirtual.com\/graduation\/live\/#breadcrumb\"},\"inLanguage\":\"es\",\"potentialAction\":[{\"@type\":\"ReadAction\",\"target\":[\"https:\/\/ischoolvirtual.com\/graduation\/live\/\"]}]},{\"@type\":\"BreadcrumbList\",\"@id\":\"https:\/\/ischoolvirtual.com\/graduation\/live\/#breadcrumb\",\"itemListElement\":[{\"@type\":\"ListItem\",\"position\":1,\"name\":\"Home\",\"item\":\"https:\/\/ischoolvirtual.com\/\"},{\"@type\":\"ListItem\",\"position\":2,\"name\":\"Graduation\",\"item\":\"https:\/\/ischoolvirtual.com\/graduation\/\"},{\"@type\":\"ListItem\",\"position\":3,\"name\":\"LIVE\"}]},{\"@type\":\"WebSite\",\"@id\":\"https:\/\/ischoolvirtual.com\/#website\",\"url\":\"https:\/\/ischoolvirtual.com\/\",\"name\":\"iSchool Virtual Academy\",\"description\":\"iSchool Virtual Academy - Tuition-Free Texas Online Charter School\",\"publisher\":{\"@id\":\"https:\/\/ischoolvirtual.com\/#organization\"},\"alternateName\":\"iSVA\",\"potentialAction\":[{\"@type\":\"SearchAction\",\"target\":{\"@type\":\"EntryPoint\",\"urlTemplate\":\"https:\/\/ischoolvirtual.com\/?s={search_term_string}\"},\"query-input\":{\"@type\":\"PropertyValueSpecification\",\"valueRequired\":true,\"valueName\":\"search_term_string\"}}],\"inLanguage\":\"es\"},{\"@type\":\"Organization\",\"@id\":\"https:\/\/ischoolvirtual.com\/#organization\",\"name\":\"iSchool Virtual Academy\",\"alternateName\":\"iSVA\",\"url\":\"https:\/\/ischoolvirtual.com\/\",\"logo\":{\"@type\":\"ImageObject\",\"inLanguage\":\"es\",\"@id\":\"https:\/\/ischoolvirtual.com\/#\/schema\/logo\/image\/\",\"url\":\"https:\/\/ischoolvirtual.com\/wp-content\/uploads\/2021\/05\/cropped-isva-favicon.png\",\"contentUrl\":\"https:\/\/ischoolvirtual.com\/wp-content\/uploads\/2021\/05\/cropped-isva-favicon.png\",\"width\":512,\"height\":512,\"caption\":\"iSchool Virtual Academy\"},\"image\":{\"@id\":\"https:\/\/ischoolvirtual.com\/#\/schema\/logo\/image\/\"}}]}<\/script>\n<!-- \/ Yoast SEO plugin. -->","yoast_head_json":{"title":"Live Graduation Stream | iSchool Virtual Academy","description":"Watch the iSchool Virtual Academy graduation ceremony live and celebrate the achievements of our Texas online high school students.","robots":{"index":"index","follow":"follow","max-snippet":"max-snippet:-1","max-image-preview":"max-image-preview:large","max-video-preview":"max-video-preview:-1"},"canonical":"https:\/\/ischoolvirtual.com\/es\/graduacion\/live\/","og_locale":"es_MX","og_type":"article","og_title":"Live Graduation Stream | iSchool Virtual Academy","og_description":"Watch the iSchool Virtual Academy graduation ceremony live and celebrate the achievements of our Texas online high school students.","og_url":"https:\/\/ischoolvirtual.com\/es\/graduacion\/live\/","og_site_name":"iSchool Virtual Academy","article_modified_time":"2025-06-09T20:26:12+00:00","og_image":[{"width":2000,"height":1174,"url":"https:\/\/ischoolvirtual.com\/wp-content\/uploads\/2020\/08\/mission-and-philosophy-bg.webp","type":"image\/webp"}],"twitter_card":"summary_large_image","schema":{"@context":"https:\/\/schema.org","@graph":[{"@type":"WebPage","@id":"https:\/\/ischoolvirtual.com\/graduation\/live\/","url":"https:\/\/ischoolvirtual.com\/graduation\/live\/","name":"Live Graduation Stream | iSchool Virtual Academy","isPartOf":{"@id":"https:\/\/ischoolvirtual.com\/#website"},"datePublished":"2025-06-07T19:00:41+00:00","dateModified":"2025-06-09T20:26:12+00:00","description":"Watch the iSchool Virtual Academy graduation ceremony live and celebrate the achievements of our Texas online high school students.","breadcrumb":{"@id":"https:\/\/ischoolvirtual.com\/graduation\/live\/#breadcrumb"},"inLanguage":"es","potentialAction":[{"@type":"ReadAction","target":["https:\/\/ischoolvirtual.com\/graduation\/live\/"]}]},{"@type":"BreadcrumbList","@id":"https:\/\/ischoolvirtual.com\/graduation\/live\/#breadcrumb","itemListElement":[{"@type":"ListItem","position":1,"name":"Home","item":"https:\/\/ischoolvirtual.com\/"},{"@type":"ListItem","position":2,"name":"Graduation","item":"https:\/\/ischoolvirtual.com\/graduation\/"},{"@type":"ListItem","position":3,"name":"LIVE"}]},{"@type":"WebSite","@id":"https:\/\/ischoolvirtual.com\/#website","url":"https:\/\/ischoolvirtual.com\/","name":"Academia Virtual iSchool","description":"iSchool Virtual Academy: escuela aut\u00f3noma en l\u00ednea sin cuota de matr\u00edcula en Texas","publisher":{"@id":"https:\/\/ischoolvirtual.com\/#organization"},"alternateName":"iSVA","potentialAction":[{"@type":"SearchAction","target":{"@type":"EntryPoint","urlTemplate":"https:\/\/ischoolvirtual.com\/?s={search_term_string}"},"query-input":{"@type":"PropertyValueSpecification","valueRequired":true,"valueName":"search_term_string"}}],"inLanguage":"es"},{"@type":"Organization","@id":"https:\/\/ischoolvirtual.com\/#organization","name":"Academia Virtual iSchool","alternateName":"iSVA","url":"https:\/\/ischoolvirtual.com\/","logo":{"@type":"ImageObject","inLanguage":"es","@id":"https:\/\/ischoolvirtual.com\/#\/schema\/logo\/image\/","url":"https:\/\/ischoolvirtual.com\/wp-content\/uploads\/2021\/05\/cropped-isva-favicon.png","contentUrl":"https:\/\/ischoolvirtual.com\/wp-content\/uploads\/2021\/05\/cropped-isva-favicon.png","width":512,"height":512,"caption":"iSchool Virtual Academy"},"image":{"@id":"https:\/\/ischoolvirtual.com\/#\/schema\/logo\/image\/"}}]}},"_links":{"self":[{"href":"https:\/\/ischoolvirtual.com\/es\/wp-json\/wp\/v2\/pages\/2670","targetHints":{"allow":["GET"]}}],"collection":[{"href":"https:\/\/ischoolvirtual.com\/es\/wp-json\/wp\/v2\/pages"}],"about":[{"href":"https:\/\/ischoolvirtual.com\/es\/wp-json\/wp\/v2\/types\/page"}],"author":[{"embeddable":true,"href":"https:\/\/ischoolvirtual.com\/es\/wp-json\/wp\/v2\/users\/8"}],"replies":[{"embeddable":true,"href":"https:\/\/ischoolvirtual.com\/es\/wp-json\/wp\/v2\/comments?post=2670"}],"version-history":[{"count":0,"href":"https:\/\/ischoolvirtual.com\/es\/wp-json\/wp\/v2\/pages\/2670\/revisions"}],"up":[{"embeddable":true,"href":"https:\/\/ischoolvirtual.com\/es\/wp-json\/wp\/v2\/pages\/2213"}],"wp:attachment":[{"href":"https:\/\/ischoolvirtual.com\/es\/wp-json\/wp\/v2\/media?parent=2670"}],"curies":[{"name":"wp","href":"https:\/\/api.w.org\/{rel}","templated":true}]}}