{"id":3015,"date":"2026-01-08T13:58:56","date_gmt":"2026-01-08T19:58:56","guid":{"rendered":"https:\/\/ischoolvirtual.com\/?page_id=3015"},"modified":"2026-01-08T15:47:49","modified_gmt":"2026-01-08T21:47:49","slug":"notify-confirm","status":"publish","type":"page","link":"https:\/\/ischoolvirtual.com\/es\/enrolling-soon\/notify-confirm\/","title":{"rendered":"Gracias"},"content":{"rendered":"<div id=\"fws_69e065fb6a6f2\"  data-column-margin=\"default\" data-midnight=\"dark\"  class=\"wpb_row vc_row-fluid vc_row\"  style=\"padding-top: 0px; padding-bottom: 0px; \"><div class=\"row-bg-wrap\" data-bg-animation=\"none\" data-bg-animation-delay=\"\" data-bg-overlay=\"false\"><div class=\"inner-wrap row-bg-layer\" ><div class=\"row-bg viewport-desktop\"  style=\"\"><\/div><\/div><\/div><div class=\"row_col_wrap_12 col span_12 dark left\">\n\t<div  class=\"vc_col-sm-12 wpb_column column_container vc_column_container col centered-text padding-10-percent inherit_tablet inherit_phone\"  data-padding-pos=\"top-bottom\" data-has-bg-color=\"false\" data-bg-color=\"\" data-bg-opacity=\"1\" data-animation=\"\" data-delay=\"0\" >\n\t\t<div class=\"vc_column-inner\" >\n\t\t\t<div class=\"wpb_wrapper\">\n\t\t\t\t<div class=\"img-with-aniamtion-wrap center custom-size\" data-max-width=\"100%\" data-max-width-mobile=\"default\" data-shadow=\"none\" data-animation=\"fade-in\"  style=\"margin-bottom: 5%; \">\n      <div class=\"inner\">\n        <div class=\"hover-wrap\"> \n          <div class=\"hover-wrap-inner\">\n            <img loading=\"lazy\" decoding=\"async\" class=\"img-with-animation skip-lazy\" data-delay=\"0\" height=\"238\" width=\"768\" data-animation=\"fade-in\" src=\"https:\/\/ischoolvirtual.com\/wp-content\/uploads\/2020\/07\/iSchool-Virtual-Academy-Color-768x238.png\" alt=\"Logotipo de iSchool Virtual Academy of Texas\" srcset=\"https:\/\/ischoolvirtual.com\/wp-content\/uploads\/2020\/07\/iSchool-Virtual-Academy-Color-768x238.png 768w, https:\/\/ischoolvirtual.com\/wp-content\/uploads\/2020\/07\/iSchool-Virtual-Academy-Color-300x93.png 300w, https:\/\/ischoolvirtual.com\/wp-content\/uploads\/2020\/07\/iSchool-Virtual-Academy-Color-1024x318.png 1024w, https:\/\/ischoolvirtual.com\/wp-content\/uploads\/2020\/07\/iSchool-Virtual-Academy-Color-1536x477.png 1536w, https:\/\/ischoolvirtual.com\/wp-content\/uploads\/2020\/07\/iSchool-Virtual-Academy-Color-2048x636.png 2048w, https:\/\/ischoolvirtual.com\/wp-content\/uploads\/2020\/07\/iSchool-Virtual-Academy-Color-e1695849059667.png 354w\" sizes=\"auto, (max-width: 768px) 100vw, 768px\" \/>\n          <\/div>\n        <\/div>\n        \n      <\/div>\n    <\/div><h3 style=\"line-height: 1.25;text-align: center\" class=\"vc_custom_heading vc_do_custom_heading\" >Gracias por su inter\u00e9s en el a\u00f1o escolar 2026-2027.<br \/>\n\u00a1Las inscripciones se abrir\u00e1n pronto!<br \/>\n<\/h3>\n<div class=\"wpb_text_column wpb_content_element\" >\n\t<p style=\"text-align: center; margin-top: 20px;\">Est\u00e9 atento a su buz\u00f3n de correo electr\u00f3nico, ya que le enviaremos un mensaje cuando estemos listos para aceptar solicitudes para la inscripci\u00f3n abierta.<\/p>\n<\/div>\n\n\n\n\n\t\t\t<\/div> \n\t\t<\/div>\n\t<\/div> \n<\/div><\/div>","protected":false},"excerpt":{"rendered":"Thank you for your interest in the 2026-2027 school year. Enrollment will be open soon! Please keep an eye on your inbox, and we\u2019ll email you when we're ready to...","protected":false},"author":8,"featured_media":0,"parent":2961,"menu_order":0,"comment_status":"closed","ping_status":"closed","template":"template-no-header-footer.php","meta":{"content-type":"","footnotes":""},"class_list":["post-3015","page","type-page","status-publish"],"yoast_head":"<!-- This site is optimized with the Yoast SEO plugin v27.2 - https:\/\/yoast.com\/product\/yoast-seo-wordpress\/ -->\n<title>You\u2019re on the List | Enrollment Updates | iSchool Virtual<\/title>\n<meta name=\"description\" content=\"You\u2019re on the list. We\u2019ll notify you when enrollment opens for iSchool Virtual Academy\u2019s tuition-free Texas online public school.\" \/>\n<meta name=\"robots\" content=\"index, follow, max-snippet:-1, max-image-preview:large, max-video-preview:-1\" \/>\n<link rel=\"canonical\" href=\"https:\/\/ischoolvirtual.com\/es\/inscribete-pronto\/notify-confirm\/\" \/>\n<meta property=\"og:locale\" content=\"es_MX\" \/>\n<meta property=\"og:type\" content=\"article\" \/>\n<meta property=\"og:title\" content=\"You\u2019re on the List | Enrollment Updates | iSchool Virtual\" \/>\n<meta property=\"og:description\" content=\"You\u2019re on the list. We\u2019ll notify you when enrollment opens for iSchool Virtual Academy\u2019s tuition-free Texas online public school.\" \/>\n<meta property=\"og:url\" content=\"https:\/\/ischoolvirtual.com\/es\/inscribete-pronto\/notify-confirm\/\" \/>\n<meta property=\"og:site_name\" content=\"iSchool Virtual Academy\" \/>\n<meta property=\"article:modified_time\" content=\"2026-01-08T21:47:49+00:00\" \/>\n<meta property=\"og:image\" content=\"https:\/\/ischoolvirtual.com\/wp-content\/uploads\/2020\/08\/mission-and-philosophy-bg.webp\" \/>\n\t<meta property=\"og:image:width\" content=\"2000\" \/>\n\t<meta property=\"og:image:height\" content=\"1174\" \/>\n\t<meta property=\"og:image:type\" content=\"image\/webp\" \/>\n<meta name=\"twitter:card\" content=\"summary_large_image\" \/>\n<script type=\"application\/ld+json\" class=\"yoast-schema-graph\">{\"@context\":\"https:\/\/schema.org\",\"@graph\":[{\"@type\":\"WebPage\",\"@id\":\"https:\/\/ischoolvirtual.com\/enrolling-soon\/notify-confirm\/\",\"url\":\"https:\/\/ischoolvirtual.com\/enrolling-soon\/notify-confirm\/\",\"name\":\"You\u2019re on the List | Enrollment Updates | iSchool Virtual\",\"isPartOf\":{\"@id\":\"https:\/\/ischoolvirtual.com\/#website\"},\"datePublished\":\"2026-01-08T19:58:56+00:00\",\"dateModified\":\"2026-01-08T21:47:49+00:00\",\"description\":\"You\u2019re on the list. We\u2019ll notify you when enrollment opens for iSchool Virtual Academy\u2019s tuition-free Texas online public school.\",\"breadcrumb\":{\"@id\":\"https:\/\/ischoolvirtual.com\/enrolling-soon\/notify-confirm\/#breadcrumb\"},\"inLanguage\":\"es\",\"potentialAction\":[{\"@type\":\"ReadAction\",\"target\":[\"https:\/\/ischoolvirtual.com\/enrolling-soon\/notify-confirm\/\"]}]},{\"@type\":\"BreadcrumbList\",\"@id\":\"https:\/\/ischoolvirtual.com\/enrolling-soon\/notify-confirm\/#breadcrumb\",\"itemListElement\":[{\"@type\":\"ListItem\",\"position\":1,\"name\":\"Home\",\"item\":\"https:\/\/ischoolvirtual.com\/\"},{\"@type\":\"ListItem\",\"position\":2,\"name\":\"Enrolling Soon\",\"item\":\"https:\/\/ischoolvirtual.com\/enrolling-soon\/\"},{\"@type\":\"ListItem\",\"position\":3,\"name\":\"Thank you\"}]},{\"@type\":\"WebSite\",\"@id\":\"https:\/\/ischoolvirtual.com\/#website\",\"url\":\"https:\/\/ischoolvirtual.com\/\",\"name\":\"iSchool Virtual Academy\",\"description\":\"iSchool Virtual Academy - Tuition-Free Texas Online Charter School\",\"publisher\":{\"@id\":\"https:\/\/ischoolvirtual.com\/#organization\"},\"alternateName\":\"iSVA\",\"potentialAction\":[{\"@type\":\"SearchAction\",\"target\":{\"@type\":\"EntryPoint\",\"urlTemplate\":\"https:\/\/ischoolvirtual.com\/?s={search_term_string}\"},\"query-input\":{\"@type\":\"PropertyValueSpecification\",\"valueRequired\":true,\"valueName\":\"search_term_string\"}}],\"inLanguage\":\"es\"},{\"@type\":\"Organization\",\"@id\":\"https:\/\/ischoolvirtual.com\/#organization\",\"name\":\"iSchool Virtual Academy\",\"alternateName\":\"iSVA\",\"url\":\"https:\/\/ischoolvirtual.com\/\",\"logo\":{\"@type\":\"ImageObject\",\"inLanguage\":\"es\",\"@id\":\"https:\/\/ischoolvirtual.com\/#\/schema\/logo\/image\/\",\"url\":\"https:\/\/ischoolvirtual.com\/wp-content\/uploads\/2021\/05\/cropped-isva-favicon.png\",\"contentUrl\":\"https:\/\/ischoolvirtual.com\/wp-content\/uploads\/2021\/05\/cropped-isva-favicon.png\",\"width\":512,\"height\":512,\"caption\":\"iSchool Virtual Academy\"},\"image\":{\"@id\":\"https:\/\/ischoolvirtual.com\/#\/schema\/logo\/image\/\"}}]}<\/script>\n<!-- \/ Yoast SEO plugin. -->","yoast_head_json":{"title":"You\u2019re on the List | Enrollment Updates | iSchool Virtual","description":"You\u2019re on the list. We\u2019ll notify you when enrollment opens for iSchool Virtual Academy\u2019s tuition-free Texas online public school.","robots":{"index":"index","follow":"follow","max-snippet":"max-snippet:-1","max-image-preview":"max-image-preview:large","max-video-preview":"max-video-preview:-1"},"canonical":"https:\/\/ischoolvirtual.com\/es\/inscribete-pronto\/notify-confirm\/","og_locale":"es_MX","og_type":"article","og_title":"You\u2019re on the List | Enrollment Updates | iSchool Virtual","og_description":"You\u2019re on the list. We\u2019ll notify you when enrollment opens for iSchool Virtual Academy\u2019s tuition-free Texas online public school.","og_url":"https:\/\/ischoolvirtual.com\/es\/inscribete-pronto\/notify-confirm\/","og_site_name":"iSchool Virtual Academy","article_modified_time":"2026-01-08T21:47:49+00:00","og_image":[{"width":2000,"height":1174,"url":"https:\/\/ischoolvirtual.com\/wp-content\/uploads\/2020\/08\/mission-and-philosophy-bg.webp","type":"image\/webp"}],"twitter_card":"summary_large_image","schema":{"@context":"https:\/\/schema.org","@graph":[{"@type":"WebPage","@id":"https:\/\/ischoolvirtual.com\/enrolling-soon\/notify-confirm\/","url":"https:\/\/ischoolvirtual.com\/enrolling-soon\/notify-confirm\/","name":"You\u2019re on the List | Enrollment Updates | iSchool Virtual","isPartOf":{"@id":"https:\/\/ischoolvirtual.com\/#website"},"datePublished":"2026-01-08T19:58:56+00:00","dateModified":"2026-01-08T21:47:49+00:00","description":"You\u2019re on the list. We\u2019ll notify you when enrollment opens for iSchool Virtual Academy\u2019s tuition-free Texas online public school.","breadcrumb":{"@id":"https:\/\/ischoolvirtual.com\/enrolling-soon\/notify-confirm\/#breadcrumb"},"inLanguage":"es","potentialAction":[{"@type":"ReadAction","target":["https:\/\/ischoolvirtual.com\/enrolling-soon\/notify-confirm\/"]}]},{"@type":"BreadcrumbList","@id":"https:\/\/ischoolvirtual.com\/enrolling-soon\/notify-confirm\/#breadcrumb","itemListElement":[{"@type":"ListItem","position":1,"name":"Home","item":"https:\/\/ischoolvirtual.com\/"},{"@type":"ListItem","position":2,"name":"Enrolling Soon","item":"https:\/\/ischoolvirtual.com\/enrolling-soon\/"},{"@type":"ListItem","position":3,"name":"Thank you"}]},{"@type":"WebSite","@id":"https:\/\/ischoolvirtual.com\/#website","url":"https:\/\/ischoolvirtual.com\/","name":"Academia Virtual iSchool","description":"iSchool Virtual Academy: escuela aut\u00f3noma en l\u00ednea sin cuota de matr\u00edcula en Texas","publisher":{"@id":"https:\/\/ischoolvirtual.com\/#organization"},"alternateName":"iSVA","potentialAction":[{"@type":"SearchAction","target":{"@type":"EntryPoint","urlTemplate":"https:\/\/ischoolvirtual.com\/?s={search_term_string}"},"query-input":{"@type":"PropertyValueSpecification","valueRequired":true,"valueName":"search_term_string"}}],"inLanguage":"es"},{"@type":"Organization","@id":"https:\/\/ischoolvirtual.com\/#organization","name":"Academia Virtual iSchool","alternateName":"iSVA","url":"https:\/\/ischoolvirtual.com\/","logo":{"@type":"ImageObject","inLanguage":"es","@id":"https:\/\/ischoolvirtual.com\/#\/schema\/logo\/image\/","url":"https:\/\/ischoolvirtual.com\/wp-content\/uploads\/2021\/05\/cropped-isva-favicon.png","contentUrl":"https:\/\/ischoolvirtual.com\/wp-content\/uploads\/2021\/05\/cropped-isva-favicon.png","width":512,"height":512,"caption":"iSchool Virtual Academy"},"image":{"@id":"https:\/\/ischoolvirtual.com\/#\/schema\/logo\/image\/"}}]}},"_links":{"self":[{"href":"https:\/\/ischoolvirtual.com\/es\/wp-json\/wp\/v2\/pages\/3015","targetHints":{"allow":["GET"]}}],"collection":[{"href":"https:\/\/ischoolvirtual.com\/es\/wp-json\/wp\/v2\/pages"}],"about":[{"href":"https:\/\/ischoolvirtual.com\/es\/wp-json\/wp\/v2\/types\/page"}],"author":[{"embeddable":true,"href":"https:\/\/ischoolvirtual.com\/es\/wp-json\/wp\/v2\/users\/8"}],"replies":[{"embeddable":true,"href":"https:\/\/ischoolvirtual.com\/es\/wp-json\/wp\/v2\/comments?post=3015"}],"version-history":[{"count":0,"href":"https:\/\/ischoolvirtual.com\/es\/wp-json\/wp\/v2\/pages\/3015\/revisions"}],"up":[{"embeddable":true,"href":"https:\/\/ischoolvirtual.com\/es\/wp-json\/wp\/v2\/pages\/2961"}],"wp:attachment":[{"href":"https:\/\/ischoolvirtual.com\/es\/wp-json\/wp\/v2\/media?parent=3015"}],"curies":[{"name":"wp","href":"https:\/\/api.w.org\/{rel}","templated":true}]}}